{"id":448,"date":"2017-04-05T07:56:14","date_gmt":"2017-04-05T07:56:14","guid":{"rendered":"http:\/\/dev.joomexp.com\/wordpress\/wp-wage\/?page_id=448"},"modified":"2025-01-03T16:19:37","modified_gmt":"2025-01-03T15:19:37","slug":"anlagestrategie","status":"publish","type":"page","link":"https:\/\/black-ferryman.com\/index.php\/anlagestrategie\/","title":{"rendered":"Anlagestrategie"},"content":{"rendered":"<section class=\"wpb-content-wrapper\"><p>[vc_row][vc_column width=&#8221;1\/2&#8243;][vc_single_image image=&#8221;1292&#8243; img_size=&#8221;large&#8221; css_animation=&#8221;fadeInUpBig&#8221;][vc_single_image image=&#8221;1365&#8243; img_size=&#8221;large&#8221; alignment=&#8221;center&#8221;][\/vc_column][vc_column width=&#8221;1\/2&#8243;][vc_column_text]<\/p>\n<h3><span style=\"color: #ff0000;\">Anlagestrategie<\/span><\/h3>\n<p style=\"text-align: justify;\">Der Black Ferryman \u2013 Strong Brands ist ein globaler verm\u00f6gensverwaltender Aktienfonds, der Ihnen als Investor ein ganzheitliches, chancen-\/wachstumsorientiertes Verm\u00f6gensmanagement bietet.<\/p>\n<p style=\"text-align: justify;\">Seine Zielinvestments sind \u00fcberwiegend starke Werte und globale Marken Aktien, die \u00fcberwiegend eine sehr hohe Marktkapitalisierung aufweisen (Blue Chips\/ Large Caps). Der Fonds kann die Aktienquote je nach Marktsituation flexibel steuern. Der Black Ferryman \u2013 Strong Brands wurde erfolgreich zum \u201eBasisinvestment\u201c am 12.02.2016 restrukturiert, um die Volatilit\u00e4t sowie den Drawdown weiter zu senken. Das Ergebnis der erfolgreichen Restrukturierung zeigt eine positive Entwicklung auf die Performance, die Reduzierung der Volatilit\u00e4t sowie eine SharpRatio von gr\u00f6\u00dfer 1. N\u00e4here Informationen k\u00f6nnen Sie in der Pr\u00e4sentation des Fonds erfahren.<\/p>\n<p style=\"text-align: justify;\">Die Volatilit\u00e4t sowie der Drawdown des Fonds soll moderat gehalten werden bei einem angemessenen Ertragspotential.<\/p>\n<p>[\/vc_column_text][\/vc_column][\/vc_row]<\/p>\n<\/section>","protected":false},"excerpt":{"rendered":"<p>[vc_row][vc_column width=&#8221;1\/2&#8243;][vc_single_image image=&#8221;1292&#8243; img_size=&#8221;large&#8221; css_animation=&#8221;fadeInUpBig&#8221;][vc_single_image image=&#8221;1365&#8243; img_size=&#8221;large&#8221; alignment=&#8221;center&#8221;][\/vc_column][vc_column width=&#8221;1\/2&#8243;][vc_column_text] Anlagestrategie Der Black Ferryman \u2013 Strong Brands ist ein globaler verm\u00f6gensverwaltender Aktienfonds, der Ihnen als Investor ein ganzheitliches, chancen-\/wachstumsorientiertes Verm\u00f6gensmanagement bietet. Seine Zielinvestments sind \u00fcberwiegend starke Werte und globale Marken Aktien, die \u00fcberwiegend eine sehr hohe Marktkapitalisierung aufweisen (Blue Chips\/ Large Caps). Der Fonds kann die [&hellip;]<\/p>\n","protected":false},"author":1,"featured_media":0,"parent":0,"menu_order":0,"comment_status":"closed","ping_status":"closed","template":"","meta":[],"_links":{"self":[{"href":"https:\/\/black-ferryman.com\/index.php\/wp-json\/wp\/v2\/pages\/448"}],"collection":[{"href":"https:\/\/black-ferryman.com\/index.php\/wp-json\/wp\/v2\/pages"}],"about":[{"href":"https:\/\/black-ferryman.com\/index.php\/wp-json\/wp\/v2\/types\/page"}],"author":[{"embeddable":true,"href":"https:\/\/black-ferryman.com\/index.php\/wp-json\/wp\/v2\/users\/1"}],"replies":[{"embeddable":true,"href":"https:\/\/black-ferryman.com\/index.php\/wp-json\/wp\/v2\/comments?post=448"}],"version-history":[{"count":15,"href":"https:\/\/black-ferryman.com\/index.php\/wp-json\/wp\/v2\/pages\/448\/revisions"}],"predecessor-version":[{"id":4741,"href":"https:\/\/black-ferryman.com\/index.php\/wp-json\/wp\/v2\/pages\/448\/revisions\/4741"}],"wp:attachment":[{"href":"https:\/\/black-ferryman.com\/index.php\/wp-json\/wp\/v2\/media?parent=448"}],"curies":[{"name":"wp","href":"https:\/\/api.w.org\/{rel}","templated":true}]}}