{"id":33,"date":"2017-03-14T08:18:06","date_gmt":"2017-03-14T08:18:06","guid":{"rendered":"http:\/\/dev.joomexp.com\/wordpress\/wp-wage\/?page_id=2"},"modified":"2026-04-22T03:06:22","modified_gmt":"2026-04-22T01:06:22","slug":"black-ferryman-strong-brands-a","status":"publish","type":"page","link":"https:\/\/black-ferryman.com\/index.php\/black-ferryman-strong-brands-a\/","title":{"rendered":"Black Ferryman \u2013 Strong Brands A"},"content":{"rendered":"<section class=\"wpb-content-wrapper\"><p>[vc_row][vc_column][vc_raw_html]JTNDY2VudGVyJTNFJTBBQmxhY2slMjBGZXJyeW1hbiUyMC0lMjAlM0NiciUzRSUyMFN0cm9uZyUyMEJyYW5kcyUyMEElM0NkaXYlMjBjbGFzcyUzRCUyMmJmbWYlMjIlM0UlM0Nmb250JTIwY29sb3IlM0QlMjJ3aGl0ZSUyMiUzRSUzQ2ZvbnQlMjBjb2xvciUzRCUyMndoaXRlJTIyJTNFJTNDZm9udCUyMGNvbG9yJTNEJTIyJTIzNjY2JTIyJTNFJTNDZGl2JTIwY2xhc3MlM0QlMjJiZm1mX3RpdGxlJTIyJTNFJTNDJTJGYSUzRSUzQyUyRmRpdiUzRSUzQ2hyJTNFJTNDZGl2JTIwYWxpZ24lM0QlMjJjZW50ZXIlMjIlMjBjbGFzcyUzRCUyMmJmbWZfaWNvbiUyMiUzRSUwQSUyMCUyMCUyMCUyMCUyMCUyMCUyMCUyMCUyMCUyMCUyMCUyMCUyMCUyMCUyMCUyMCUyMCUyMCUyMCUyMCUyMCUyMCUyMCUyMCUyMCUyMCUyMCUyMCUyMCUyMCUyMCUyMCUyMCUyMCUyMCUyMCUyMCUyMCUyMCUyMCUyMCUyMCUyMCUyMCUzQ2ltZyUyMGNsYXNzJTNEJTIyaW1nLWljb24lMjIlMjBzcmMlM0QlMjJodHRwcyUzQSUyRiUyRmJsYWNrLWZlcnJ5bWFuLmNvbSUyRndwLWNvbnRlbnQlMkZ1cGxvYWRzJTJGMjAxOSUyRjA0JTJGdXAucG5nJTIyJTNFJTNDJTJGZGl2JTNFJTNDZGl2JTIwYWxpZ24lM0QlMjJjZW50ZXIlMjIlM0UlMEElMDklMDklMDklMDklMDklMDklMDklMDklMDklMDklMDklM0Nmb250JTIwc3R5bGUlM0QlMjJmb250LXNpemUlM0EyNHB4JTNCJTIwZm9udC13ZWlnaHQlM0ElMjA1MDAlM0IlMjIlM0U5My40NyUyMEVVUiUzQ2JyJTNFJTIwJTBBJTIwJTIwJTIwJTIwJTIwJTIwJTIwJTIwJTIwJTIwJTIwJTIwJTIwJTIwJTIwJTIwJTIwJTIwJTIwJTIwJTIwJTIwJTIwJTIwJTIwJTIwJTIwJTIwJTIwJTIwJTIwJTIwJTIwJTIwJTIwJTIwJTIwJTIwJTIwJTIwJTIwJTIwJTIwJTIwJTNDJTJGZm9udCUzRSUwQSUyMCUyMCUyMCUyMCUyMCUyMCUyMCUyMCUyMCUyMCUyMCUyMCUyMCUyMCUyMCUyMCUyMCUyMCUyMCUyMCUyMCUyMCUyMCUyMCUyMCUyMCUyMCUyMCUyMCUyMCUyMCUyMCUyMCUyMCUyMCUyMCUyMCUyMCUyMCUyMCUyMCUyMCUyMCUyMCUzQ2ZvbnQlMjBzdHlsZSUzRCUyMmZvbnQtc2l6ZSUzQTE0cHglM0IlMjBmb250LXdlaWdodCUzQSUyMDUwMCUzQiUyMiUzRSUwQSUyMCUyMCUyMCUyMCUyMCUyMCUyMCUyMCUyMCUyMCUyMCUyMCUyMCUyMCUyMCUyMCUyMCUyMCUyMCUyMCUyMCUyMCUyMCUyMCUyMCUyMCUyMCUyMCUyMCUyMCUyMCUyMCUyMCUyMCUyMCUyMCUyMCUyMCUyMCUyMCUyMCUyMCUyMCUyMCUyQjAuMjUlMEElMjAlMjAlMjAlMjAlMjAlMjAlMjAlMjAlMjAlMjAlMjAlMjAlMjAlMjAlMjAlMjAlMjAlMjAlMjAlMjAlMjAlMjAlMjAlMjAlMjAlMjAlMjAlMjAlMjAlMjAlMjAlMjAlMjAlMjAlMjAlMjAlMjAlMjAlMjAlMjAlMjAlMjAlMjAlMjAlMEElMjAlMjAlMjAlMjAlMjAlMjAlMjAlMjAlMjAlMjAlMjAlMjAlMjAlMjAlMjAlMjAlMjAlMjAlMjAlMjAlMjAlMjAlMjAlMjAlMjAlMjAlMjAlMjAlMjAlMjAlMjAlMjAlMjAlMjAlMjAlMjAlMjAlMjAlMjAlMjAlMjAlMjAlMjAlMjAlMjUlM0MlMkZmb250JTNFJTNDYnIlM0UlMEElMjAlMjAlMjAlMjAlMjAlMjAlMjAlMjAlMjAlMjAlMjAlMjAlMjAlMjAlMjAlMjAlMjAlMjAlMjAlMjAlMjAlMjAlMjAlMjAlMjAlMjAlMjAlMjAlMjAlMjAlMjAlMjAlMjAlMjAlMjAlMjAlMjAlMjAlMjAlMjAlMjAlMjAlMjAlMjAlMDklMDklMDklMDklMDklMDklMDklMDklMDklMDklMDklMEElMDklMDklMDklMDklMDklMDklMDklMDklMDklMDklMDklMEElMDklMDklMDklMDklMDklMDklMDklMDklMDklMDklMDklMjZuYnNwJTNCJTNDZm9udCUyMHN0eWxlJTNEJTIybWFyZ2luLWxlZnQlM0ElMjAwcHglM0IlMjBmb250LXNpemUlM0ExNHB4JTNCJTIwZm9udC13ZWlnaHQlM0ElMjA1MDAlM0IlMjIlM0UlMjZuYnNwJTNCUiVDMyVCQ2NrbmFobWVwcmVpcyUyMDIwLjA0LjIwMjYlM0MlMkZmb250JTNFJTNDJTJGZGl2JTNFJTNDdGFibGUlMjB3aWR0aCUzRCUyMjI1MCUyMiUyMGNlbGxzcGFjaW5nJTNEJTIyMCUyMiUyMGNlbGxwYWRkaW5nJTNEJTIyMCUyMiUyMGJvcmRlciUzRCUyMjAlMjIlM0UlMEElMDklMDklMDklMDklMDklMDklMEElMDklMDklMDklMDklMDklMDklMDklMDklMDklMDklMDklMDklMDklMDklMDklMDklMDklMDklMDklMDklMDklMEElMDklMDklMDklMDklMDklMDklMDklMDklMDklMEElMDklMDklMDklMDklMDklMDklMDklMDklMEElMDklMDklMDklMDklMDklMDklMDklMDklMDklMDklMEElMDklMDklMDklMDklMDklMDklMDklMDklMDklMEElM0MlMkZ0YWJsZSUzRSUzQyUyRmZvbnQlM0UlM0MlMkZmb250JTNFJTNDJTJGZm9udCUzRSUzQyUyRmRpdiUzRSUzQyUyRmNlbnRlciUzRQ==[\/vc_raw_html][vc_tta_tabs][vc_tta_section title=&#8221;Stammdaten&#8221; tab_id=&#8221;1555190364227-4f85eb2f-8463&#8243;][vc_column_text]<\/p>\n<h5>Black Ferryman \u2013 Strong Brands A<\/h5>\n<table id=\"tablepress-11\" class=\"tablepress tablepress-id-11 tabelle\">\n<tbody>\n<tr class=\"row-1\">\n<td class=\"column-1\">ISIN:<\/td>\n<td class=\"column-2\">LU0778048032<\/td>\n<\/tr>\n<tr class=\"row-2\">\n<td class=\"column-1\">WKN:<\/td>\n<td class=\"column-2\">A1JXJT<\/td>\n<\/tr>\n<tr class=\"row-3\">\n<td class=\"column-1\">Fondskategorie:<\/td>\n<td class=\"column-2\">Aktienfonds<\/td>\n<\/tr>\n<tr class=\"row-4\">\n<td class=\"column-1\">Ertragsverwendung:<\/td>\n<td class=\"column-2\">aussch\u00fcttend<\/td>\n<\/tr>\n<tr class=\"row-5\">\n<td class=\"column-1\">SRI:<\/td>\n<td class=\"column-2\">4<\/td>\n<\/tr>\n<tr class=\"row-6\">\n<td class=\"column-1\">Erstausgabepreis:<\/td>\n<td class=\"column-2\">68,75 EUR am 19.06.2012<\/td>\n<\/tr>\n<tr class=\"row-7\">\n<td class=\"column-1\">Ausgabeaufschlag:<\/td>\n<td class=\"column-2\">bis zu 5,26 %<\/td>\n<\/tr>\n<tr class=\"row-8\">\n<td class=\"column-1\">R\u00fccknahmeabschlag:<\/td>\n<td class=\"column-2\">keiner<\/td>\n<\/tr>\n<tr class=\"row-9\">\n<td class=\"column-1\">Mindestersteinlage:<\/td>\n<td class=\"column-2\">25,00 EUR<\/td>\n<\/tr>\n<tr class=\"row-10\">\n<td class=\"column-1\">Sparplan:<\/td>\n<td class=\"column-2\">ja<\/td>\n<\/tr>\n<tr class=\"row-11\">\n<td class=\"column-1\">Mindestbetrag Sparplan:<\/td>\n<td class=\"column-2\">25,00 EUR monatlich<\/td>\n<\/tr>\n<tr class=\"row-12\">\n<td class=\"column-1\">Frequenz der Preisberechnung:<\/td>\n<td class=\"column-2\">b\u00f6rsent\u00e4glich<\/td>\n<\/tr>\n<tr class=\"row-13\">\n<td class=\"column-1\">Gesch\u00e4ftsjahresende:<\/td>\n<td class=\"column-2\">31.12.<\/td>\n<\/tr>\n<tr class=\"row-14\">\n<td class=\"column-1\">Orderannahmeschluss:<\/td>\n<td class=\"column-2\">16:30 Uhr<\/td>\n<\/tr>\n<tr class=\"row-15\">\n<td class=\"column-1\">Settlement bei Kauf:<\/td>\n<td class=\"column-2\">T + 3 bzw. T + 2<\/td>\n<\/tr>\n<tr class=\"row-16\">\n<td class=\"column-1\">Settlement bei Verkauf:<\/td>\n<td class=\"column-2\">T + 3<\/td>\n<\/tr>\n<tr class=\"row-17\">\n<td class=\"column-1\">Verwaltungsgeb\u00fchr:<\/td>\n<td class=\"column-2\">bis zu 1,50 %<\/td>\n<\/tr>\n<tr class=\"row-18\">\n<td class=\"column-1\">Performance Fee:<\/td>\n<td class=\"column-2\">Bis zu 20 % des Anstiegs des Anteilwertes (High Water Mark)<\/td>\n<\/tr>\n<tr class=\"row-19\">\n<td class=\"column-1\">Verwahrstelle:<\/td>\n<td class=\"column-2\">VP Bank Luxembourg S.A.<\/td>\n<\/tr>\n<tr class=\"row-20\">\n<td class=\"column-1\">Verwaltungsgesellschaft:<\/td>\n<td class=\"column-2\">1741 Group Fund Management AG, Zweigniederlassung Luxemburg<\/td>\n<\/tr>\n<tr class=\"row-21\">\n<td class=\"column-1\">Investmentmanager:<\/td>\n<td class=\"column-2\"><span dir=\"ltr\" role=\"presentation\">Dr. Thilenius Management GmbH<\/span><\/td>\n<\/tr>\n<\/tbody>\n<\/table>\n<p>[\/vc_column_text][\/vc_tta_section][vc_tta_section title=&#8221;Dokumente&#8221; tab_id=&#8221;1555190444244-7cba3869-3737&#8243;][vc_column_text]<\/p>\n<table class=\"fsl-widget-table document-table itemlist table-first-part document-table-1-1 \" style=\"height: 117px;\" width=\"429\" cellspacing=\"2\" data-fsl-pwk-widget-id=\"\">\n<tbody>\n<tr>\n<td style=\"width: 740px;\">Reporting<\/td>\n<td>Datum<\/td>\n<td class=\"fsl-download-doc fsl-download-fs\" data-locale=\"de_LU\">DE<\/td>\n<\/tr>\n<tr>\n<td style=\"width: 740px;\">Halbjahresbericht<\/td>\n<td>30.06.2025<\/td>\n<td class=\"fsl-download-fs\" data-locale=\"de_LU\"><a href=\"https:\/\/vpfs.vpfundsolutions.vpbank.com\/docrepository\/hjb\/LU0778048032\/de_LU\"><img decoding=\"async\" loading=\"lazy\" class=\"alignnone size-full wp-image-1494\" src=\"https:\/\/black-ferryman.com\/wp-content\/uploads\/2019\/04\/pdf_ico1.png\" alt=\"\" width=\"30\" height=\"30\" \/><\/a><\/td>\n<\/tr>\n<tr>\n<td style=\"width: 740px;\">Jahresbericht<\/td>\n<td>31.12.2024<\/td>\n<td class=\"fsl-download-fs\" data-locale=\"de_LU\"><a href=\"https:\/\/vpfs.vpfundsolutions.vpbank.com\/docrepository\/jb\/LU0778048032\/de_LU\"><img decoding=\"async\" loading=\"lazy\" class=\"alignnone size-full wp-image-1494\" src=\"https:\/\/black-ferryman.com\/wp-content\/uploads\/2019\/04\/pdf_ico1.png\" alt=\"\" width=\"30\" height=\"30\" \/><\/a><\/td>\n<\/tr>\n<\/tbody>\n<\/table>\n<table class=\"fsl-widget-table document-table itemlist table-first-part document-table-2-1 \" cellspacing=\"2\" data-fsl-pwk-widget-id=\"\">\n<thead><\/thead>\n<tbody>\n<tr>\n<td>Rechtliche Dokumente<\/td>\n<td>Datum<\/td>\n<td class=\"fsl-download-doc fsl-download-fs\" data-locale=\"de_LU\">DE<\/td>\n<\/tr>\n<tr>\n<td>Basisinformationsblatt (PRIIP)<\/td>\n<td>19.05.2025<\/td>\n<td class=\"fsl-download-fs\" data-locale=\"de_LU\"><a href=\"https:\/\/vpfs.vpfundsolutions.vpbank.com\/docrepository\/kiid\/LU0778048032\/de_LU\"><img decoding=\"async\" loading=\"lazy\" class=\"alignnone size-full wp-image-1494\" src=\"https:\/\/black-ferryman.com\/wp-content\/uploads\/2019\/04\/pdf_ico1.png\" alt=\"\" width=\"30\" height=\"30\" \/><\/a><\/td>\n<\/tr>\n<tr>\n<td>Verkaufsprospekt<\/td>\n<td>01.01.2025<\/td>\n<td class=\"fsl-download-fs\" data-locale=\"de_LU\"><a href=\"https:\/\/vpfs.vpfundsolutions.vpbank.com\/docrepository\/vkp\/LU0778048032\/de_LU\"><img decoding=\"async\" loading=\"lazy\" class=\"alignnone size-full wp-image-1494\" src=\"https:\/\/black-ferryman.com\/wp-content\/uploads\/2019\/04\/pdf_ico1.png\" alt=\"\" width=\"30\" height=\"30\" \/><\/a><\/td>\n<\/tr>\n<\/tbody>\n<\/table>\n<p>[\/vc_column_text][\/vc_tta_section][\/vc_tta_tabs][\/vc_column][\/vc_row]<\/p>\n<\/section>","protected":false},"excerpt":{"rendered":"<p>[vc_row][vc_column][vc_raw_html]JTNDY2VudGVyJTNFJTBBQmxhY2slMjBGZXJyeW1hbiUyMC0lMjAlM0NiciUzRSUyMFN0cm9uZyUyMEJyYW5kcyUyMEElM0NkaXYlMjBjbGFzcyUzRCUyMmJmbWYlMjIlM0UlM0Nmb250JTIwY29sb3IlM0QlMjJ3aGl0ZSUyMiUzRSUzQ2ZvbnQlMjBjb2xvciUzRCUyMndoaXRlJTIyJTNFJTNDZm9udCUyMGNvbG9yJTNEJTIyJTIzNjY2JTIyJTNFJTNDZGl2JTIwY2xhc3MlM0QlMjJiZm1mX3RpdGxlJTIyJTNFJTNDJTJGYSUzRSUzQyUyRmRpdiUzRSUzQ2hyJTNFJTNDZGl2JTIwYWxpZ24lM0QlMjJjZW50ZXIlMjIlMjBjbGFzcyUzRCUyMmJmbWZfaWNvbiUyMiUzRSUwQSUyMCUyMCUyMCUyMCUyMCUyMCUyMCUyMCUyMCUyMCUyMCUyMCUyMCUyMCUyMCUyMCUyMCUyMCUyMCUyMCUyMCUyMCUyMCUyMCUyMCUyMCUyMCUyMCUyMCUyMCUyMCUyMCUyMCUyMCUyMCUyMCUyMCUyMCUyMCUyMCUyMCUyMCUyMCUyMCUzQ2ltZyUyMGNsYXNzJTNEJTIyaW1nLWljb24lMjIlMjBzcmMlM0QlMjJodHRwcyUzQSUyRiUyRmJsYWNrLWZlcnJ5bWFuLmNvbSUyRndwLWNvbnRlbnQlMkZ1cGxvYWRzJTJGMjAxOSUyRjA0JTJGdXAucG5nJTIyJTNFJTNDJTJGZGl2JTNFJTNDZGl2JTIwYWxpZ24lM0QlMjJjZW50ZXIlMjIlM0UlMEElMDklMDklMDklMDklMDklMDklMDklMDklMDklMDklMDklM0Nmb250JTIwc3R5bGUlM0QlMjJmb250LXNpemUlM0EyNHB4JTNCJTIwZm9udC13ZWlnaHQlM0ElMjA1MDAlM0IlMjIlM0U5My40NyUyMEVVUiUzQ2JyJTNFJTIwJTBBJTIwJTIwJTIwJTIwJTIwJTIwJTIwJTIwJTIwJTIwJTIwJTIwJTIwJTIwJTIwJTIwJTIwJTIwJTIwJTIwJTIwJTIwJTIwJTIwJTIwJTIwJTIwJTIwJTIwJTIwJTIwJTIwJTIwJTIwJTIwJTIwJTIwJTIwJTIwJTIwJTIwJTIwJTIwJTIwJTNDJTJGZm9udCUzRSUwQSUyMCUyMCUyMCUyMCUyMCUyMCUyMCUyMCUyMCUyMCUyMCUyMCUyMCUyMCUyMCUyMCUyMCUyMCUyMCUyMCUyMCUyMCUyMCUyMCUyMCUyMCUyMCUyMCUyMCUyMCUyMCUyMCUyMCUyMCUyMCUyMCUyMCUyMCUyMCUyMCUyMCUyMCUyMCUyMCUzQ2ZvbnQlMjBzdHlsZSUzRCUyMmZvbnQtc2l6ZSUzQTE0cHglM0IlMjBmb250LXdlaWdodCUzQSUyMDUwMCUzQiUyMiUzRSUwQSUyMCUyMCUyMCUyMCUyMCUyMCUyMCUyMCUyMCUyMCUyMCUyMCUyMCUyMCUyMCUyMCUyMCUyMCUyMCUyMCUyMCUyMCUyMCUyMCUyMCUyMCUyMCUyMCUyMCUyMCUyMCUyMCUyMCUyMCUyMCUyMCUyMCUyMCUyMCUyMCUyMCUyMCUyMCUyMCUyQjAuMjUlMEElMjAlMjAlMjAlMjAlMjAlMjAlMjAlMjAlMjAlMjAlMjAlMjAlMjAlMjAlMjAlMjAlMjAlMjAlMjAlMjAlMjAlMjAlMjAlMjAlMjAlMjAlMjAlMjAlMjAlMjAlMjAlMjAlMjAlMjAlMjAlMjAlMjAlMjAlMjAlMjAlMjAlMjAlMjAlMjAlMEElMjAlMjAlMjAlMjAlMjAlMjAlMjAlMjAlMjAlMjAlMjAlMjAlMjAlMjAlMjAlMjAlMjAlMjAlMjAlMjAlMjAlMjAlMjAlMjAlMjAlMjAlMjAlMjAlMjAlMjAlMjAlMjAlMjAlMjAlMjAlMjAlMjAlMjAlMjAlMjAlMjAlMjAlMjAlMjAlMjUlM0MlMkZmb250JTNFJTNDYnIlM0UlMEElMjAlMjAlMjAlMjAlMjAlMjAlMjAlMjAlMjAlMjAlMjAlMjAlMjAlMjAlMjAlMjAlMjAlMjAlMjAlMjAlMjAlMjAlMjAlMjAlMjAlMjAlMjAlMjAlMjAlMjAlMjAlMjAlMjAlMjAlMjAlMjAlMjAlMjAlMjAlMjAlMjAlMjAlMjAlMjAlMDklMDklMDklMDklMDklMDklMDklMDklMDklMDklMDklMEElMDklMDklMDklMDklMDklMDklMDklMDklMDklMDklMDklMEElMDklMDklMDklMDklMDklMDklMDklMDklMDklMDklMDklMjZuYnNwJTNCJTNDZm9udCUyMHN0eWxlJTNEJTIybWFyZ2luLWxlZnQlM0ElMjAwcHglM0IlMjBmb250LXNpemUlM0ExNHB4JTNCJTIwZm9udC13ZWlnaHQlM0ElMjA1MDAlM0IlMjIlM0UlMjZuYnNwJTNCUiVDMyVCQ2NrbmFobWVwcmVpcyUyMDIwLjA0LjIwMjYlM0MlMkZmb250JTNFJTNDJTJGZGl2JTNFJTNDdGFibGUlMjB3aWR0aCUzRCUyMjI1MCUyMiUyMGNlbGxzcGFjaW5nJTNEJTIyMCUyMiUyMGNlbGxwYWRkaW5nJTNEJTIyMCUyMiUyMGJvcmRlciUzRCUyMjAlMjIlM0UlMEElMDklMDklMDklMDklMDklMDklMEElMDklMDklMDklMDklMDklMDklMDklMDklMDklMDklMDklMDklMDklMDklMDklMDklMDklMDklMDklMDklMDklMEElMDklMDklMDklMDklMDklMDklMDklMDklMDklMEElMDklMDklMDklMDklMDklMDklMDklMDklMEElMDklMDklMDklMDklMDklMDklMDklMDklMDklMDklMEElMDklMDklMDklMDklMDklMDklMDklMDklMDklMEElM0MlMkZ0YWJsZSUzRSUzQyUyRmZvbnQlM0UlM0MlMkZmb250JTNFJTNDJTJGZm9udCUzRSUzQyUyRmRpdiUzRSUzQyUyRmNlbnRlciUzRQ==[\/vc_raw_html][vc_tta_tabs][vc_tta_section title=&#8221;Stammdaten&#8221; tab_id=&#8221;1555190364227-4f85eb2f-8463&#8243;][vc_column_text] Black Ferryman \u2013 Strong Brands A ISIN: LU0778048032 WKN: A1JXJT Fondskategorie: Aktienfonds Ertragsverwendung: aussch\u00fcttend SRI: 4 Erstausgabepreis: 68,75 EUR am 19.06.2012 Ausgabeaufschlag: bis zu 5,26 % R\u00fccknahmeabschlag: keiner Mindestersteinlage: 25,00 EUR Sparplan: ja Mindestbetrag Sparplan: 25,00 EUR monatlich Frequenz der Preisberechnung: b\u00f6rsent\u00e4glich Gesch\u00e4ftsjahresende: 31.12. Orderannahmeschluss: 16:30 Uhr Settlement bei Kauf: T + [&hellip;]<\/p>\n","protected":false},"author":1,"featured_media":0,"parent":0,"menu_order":0,"comment_status":"closed","ping_status":"open","template":"","meta":[],"_links":{"self":[{"href":"https:\/\/black-ferryman.com\/index.php\/wp-json\/wp\/v2\/pages\/33"}],"collection":[{"href":"https:\/\/black-ferryman.com\/index.php\/wp-json\/wp\/v2\/pages"}],"about":[{"href":"https:\/\/black-ferryman.com\/index.php\/wp-json\/wp\/v2\/types\/page"}],"author":[{"embeddable":true,"href":"https:\/\/black-ferryman.com\/index.php\/wp-json\/wp\/v2\/users\/1"}],"replies":[{"embeddable":true,"href":"https:\/\/black-ferryman.com\/index.php\/wp-json\/wp\/v2\/comments?post=33"}],"version-history":[{"count":540,"href":"https:\/\/black-ferryman.com\/index.php\/wp-json\/wp\/v2\/pages\/33\/revisions"}],"predecessor-version":[{"id":5012,"href":"https:\/\/black-ferryman.com\/index.php\/wp-json\/wp\/v2\/pages\/33\/revisions\/5012"}],"wp:attachment":[{"href":"https:\/\/black-ferryman.com\/index.php\/wp-json\/wp\/v2\/media?parent=33"}],"curies":[{"name":"wp","href":"https:\/\/api.w.org\/{rel}","templated":true}]}}