{"id":2844,"date":"2020-06-28T22:34:39","date_gmt":"2020-06-28T20:34:39","guid":{"rendered":"https:\/\/black-ferryman.com\/?page_id=2844"},"modified":"2025-03-31T20:46:05","modified_gmt":"2025-03-31T18:46:05","slug":"fuer-das-groessere-vermoegen","status":"publish","type":"page","link":"https:\/\/black-ferryman.com\/index.php\/fuer-das-groessere-vermoegen\/","title":{"rendered":"F\u00fcr das gr\u00f6\u00dfere Verm\u00f6gen"},"content":{"rendered":"<section class=\"wpb-content-wrapper\"><p>[vc_row][vc_column][vc_column_text]<\/p>\n<p style=\"text-align: justify;\">[\/vc_column_text][\/vc_column][\/vc_row][vc_row][vc_column width=&#8221;1\/2&#8243;][vc_column_text]<\/p>\n<h3><span style=\"color: #ff0000;\">F\u00fcr das gr\u00f6\u00dfere Verm\u00f6gen<\/span><\/h3>\n<p>&nbsp;<\/p>\n<p style=\"text-align: justify;\">Zukunftsorientiertes Investieren mit der verm\u00f6gensverwaltenden L\u00f6sung:<\/p>\n<p style=\"text-align: justify;\">Liebe Investorinnen und Investoren,<\/p>\n<p style=\"text-align: justify;\">Geldanlage ist heutzutage oft schwierig und von verschiedensten Situationen und pers\u00f6nlichen Gegebenheiten beeinflusst. Aktuell befinden wir uns in einer langj\u00e4hrig andauernden Niedrigzinsphase, sowie einer Staatsschulden-\/ Banken-\/ und Eurokrise. Deshalb ist es aktuell noch wichtiger denn je, sein Verm\u00f6gen vor schleichender Inflation und sonstigen Verlusten (Staatspleiten, Schuldenschnitte, Reformen) zu sch\u00fctzen.<\/p>\n<p style=\"text-align: justify;\">Aus meiner \u00fcber\u00a020 j\u00e4hriger Erfahrung als Berater m\u00f6chte ich Ihnen aufzeigen, welche M\u00f6glichkeiten Sie trotz der niedrigen Kapitalmarktzinsen haben. Angepasst an Ihre pers\u00f6nliche Situation wird nach einem pers\u00f6nlichen Gespr\u00e4ch f\u00fcr Sie ein flexibles Aktienportfolio zusammengestellt, um Sie bestm\u00f6glich f\u00fcr Ihre finanzielle Zukunft zu wappnen. Lassen Sie uns gemeinsam eine pers\u00f6nliche zielorientierte Offerte erstellen.<\/p>\n<p>Die Verm\u00f6gensverwaltung in Aktien ist ab 100.000 Euro m\u00f6glich und es k\u00f6nnen bis zu f\u00fcnfzig einzelne Wertpapiere enthalten sein.<\/p>\n<p style=\"text-align: justify;\">Ich w\u00fcrde mich freuen, zuk\u00fcnftig mit Ihnen gemeinsam zusammen zu arbeiten und stehe Ihnen f\u00fcr detaillierte Informationen telefonisch oder f\u00fcr ein pers\u00f6nliches Gespr\u00e4ch gerne zur Verf\u00fcgung.<\/p>\n<p>[\/vc_column_text][\/vc_column][vc_column width=&#8221;1\/2&#8243;][vc_empty_space height=&#8221;100px&#8221;][vc_single_image image=&#8221;1582&#8243; img_size=&#8221;full&#8221; css_animation=&#8221;fadeInUpBig&#8221;][vc_empty_space height=&#8221;50px&#8221;][vc_single_image image=&#8221;1557&#8243; img_size=&#8221;full&#8221; css_animation=&#8221;fadeInUpBig&#8221;][\/vc_column][\/vc_row][vc_row][vc_column][vc_column_text]<\/p>\n<p>[\/vc_column_text][\/vc_column][\/vc_row]<\/p>\n<\/section>","protected":false},"excerpt":{"rendered":"<p>[vc_row][vc_column][vc_column_text] [\/vc_column_text][\/vc_column][\/vc_row][vc_row][vc_column width=&#8221;1\/2&#8243;][vc_column_text] F\u00fcr das gr\u00f6\u00dfere Verm\u00f6gen &nbsp; Zukunftsorientiertes Investieren mit der verm\u00f6gensverwaltenden L\u00f6sung: Liebe Investorinnen und Investoren, Geldanlage ist heutzutage oft schwierig und von verschiedensten Situationen und pers\u00f6nlichen Gegebenheiten beeinflusst. Aktuell befinden wir uns in einer langj\u00e4hrig andauernden Niedrigzinsphase, sowie einer Staatsschulden-\/ Banken-\/ und Eurokrise. Deshalb ist es aktuell noch wichtiger denn je, sein [&hellip;]<\/p>\n","protected":false},"author":1,"featured_media":0,"parent":0,"menu_order":0,"comment_status":"closed","ping_status":"closed","template":"","meta":[],"_links":{"self":[{"href":"https:\/\/black-ferryman.com\/index.php\/wp-json\/wp\/v2\/pages\/2844"}],"collection":[{"href":"https:\/\/black-ferryman.com\/index.php\/wp-json\/wp\/v2\/pages"}],"about":[{"href":"https:\/\/black-ferryman.com\/index.php\/wp-json\/wp\/v2\/types\/page"}],"author":[{"embeddable":true,"href":"https:\/\/black-ferryman.com\/index.php\/wp-json\/wp\/v2\/users\/1"}],"replies":[{"embeddable":true,"href":"https:\/\/black-ferryman.com\/index.php\/wp-json\/wp\/v2\/comments?post=2844"}],"version-history":[{"count":10,"href":"https:\/\/black-ferryman.com\/index.php\/wp-json\/wp\/v2\/pages\/2844\/revisions"}],"predecessor-version":[{"id":4812,"href":"https:\/\/black-ferryman.com\/index.php\/wp-json\/wp\/v2\/pages\/2844\/revisions\/4812"}],"wp:attachment":[{"href":"https:\/\/black-ferryman.com\/index.php\/wp-json\/wp\/v2\/media?parent=2844"}],"curies":[{"name":"wp","href":"https:\/\/api.w.org\/{rel}","templated":true}]}}