{"id":2842,"date":"2020-06-28T22:33:15","date_gmt":"2020-06-28T20:33:15","guid":{"rendered":"https:\/\/black-ferryman.com\/?page_id=2842"},"modified":"2026-02-13T05:15:48","modified_gmt":"2026-02-13T04:15:48","slug":"fuer-das-kleinere-vermoegen","status":"publish","type":"page","link":"https:\/\/black-ferryman.com\/index.php\/fuer-das-kleinere-vermoegen\/","title":{"rendered":"F\u00fcr das kleinere Verm\u00f6gen"},"content":{"rendered":"<section class=\"wpb-content-wrapper\"><p>[vc_row][vc_column][vc_column_text]<\/p>\n<p style=\"text-align: justify;\">[\/vc_column_text][\/vc_column][\/vc_row][vc_row][vc_column width=&#8221;1\/2&#8243;][vc_column_text]<\/p>\n<h3><span style=\"color: #ff0000;\">F\u00fcr das kleinere Verm\u00f6gen<\/span><\/h3>\n<p><strong>Zukunftsorientiertes Investieren mit dem Managed Depot \u2013 Ihrem \u201eRuhestandsportfolio\u201c<\/strong><\/p>\n<p>Liebe Investorinnen und Investoren,<\/p>\n<p style=\"text-align: justify;\">Geldanlage ist heute komplexer denn je. Niedrige Zinsen, politische und wirtschaftliche Unsicherheiten, Inflationsrisiken oder m\u00f6gliche Reformen k\u00f6nnen Anleger verunsichern. Viele Menschen fragen sich: \u201eWie kann ich mein Verm\u00f6gen sch\u00fctzen, gleichzeitig Chancen nutzen und sicher in die Zukunft investieren?\u201c<\/p>\n<p style=\"text-align: justify;\">Mit unserem Ruhestandsportfolio bieten wir Ihnen genau diese L\u00f6sung: ein flexibel gestaltbares, verm\u00f6gensverwaltendes Depot, das Ihre finanziellen Sorgen ernst nimmt und Ihnen langfristige Sicherheit gibt.<\/p>\n<p style=\"text-align: justify;\"><strong>Warum das Ruhestandsportfolio die richtige Wahl f\u00fcr Sie ist<\/strong><\/p>\n<p>Wir verstehen die typischen \u00c4ngste unserer Kunden:<\/p>\n<ul>\n<li>Sorge vor schleichender Inflation, B\u00f6rsencrashs oder staatlichen Eingriffen<\/li>\n<li>Unsicherheit \u00fcber die richtige langfristige Strategie<\/li>\n<li>Angst, Chancen zu verpassen oder das Verm\u00f6gen nicht ausreichend f\u00fcr den Ruhestand zu sichern<\/li>\n<li>Unklare Struktur im eigenen Depot und fehlende Zeit f\u00fcr eigene Analysen<\/li>\n<\/ul>\n<p style=\"text-align: justify;\">Das Ruhestandsportfolio adressiert all diese Sorgen gezielt: Mit einer <strong>professionellen Mischung aus aktuell zw\u00f6lf verschiedenen Fondspositionen<\/strong> \u2013 von Geldmarkt- \u00fcber Aktien- und Mischfonds bis zu verm\u00f6gensverwaltenden Fonds \u2013 erhalten Sie ein ausgewogenes, breit diversifiziertes Portfolio, das auf <strong>langfristige Sicherheit, Stabilit\u00e4t und Wachstum<\/strong> ausgelegt ist.<\/p>\n<p style=\"text-align: justify;\">Schon ab <strong>2.500 Euro<\/strong> k\u00f6nnen Sie starten und von einer individuellen Strategie profitieren, die auf Ihre pers\u00f6nliche Situation abgestimmt ist. Nach einem pers\u00f6nlichen Gespr\u00e4ch erstellen wir f\u00fcr Sie ein flexibles Fondsportfolio, das Ihre Ziele in den Fokus stellt und Sie bestm\u00f6glich f\u00fcr die finanzielle Zukunft wappnet.<\/p>\n<p><strong>Ihre Vorteile auf einen Blick<\/strong><\/p>\n<ul>\n<li><strong>Sicherheit:<\/strong> Ihr Verm\u00f6gen wird professionell verwaltet und breit diversifiziert.<\/li>\n<li><strong>Planbarkeit:<\/strong> Klare Struktur und Transparenz f\u00fcr Ihre Investments.<\/li>\n<li><strong>Flexibilit\u00e4t:<\/strong> Anpassbar an Ihre pers\u00f6nliche Situation und Lebensziele.<\/li>\n<li><strong>Zukunftsfokus:<\/strong> Langfristiger Verm\u00f6gensaufbau mit dem Blick auf Ihren Ruhestand.<\/li>\n<li><strong>Kontrolle:<\/strong> Sie behalten jederzeit den \u00dcberblick und treffen fundierte Entscheidungen.<\/li>\n<\/ul>\n<p>Ich freue mich darauf, gemeinsam mit Ihnen eine pers\u00f6nliche, zielorientierte L\u00f6sung f\u00fcr Ihr Verm\u00f6gen zu entwickeln. F\u00fcr detaillierte Informationen stehe ich Ihnen <strong>telefonisch<\/strong> oder in einem <strong>pers\u00f6nlichen Gespr\u00e4ch<\/strong> jederzeit gerne zur Verf\u00fcgung.<\/p>\n<p><strong>Ihr Robert Baumann<\/strong>[\/vc_column_text][\/vc_column][vc_column width=&#8221;1\/2&#8243;][vc_empty_space height=&#8221;100px&#8221;][vc_single_image image=&#8221;1582&#8243; img_size=&#8221;full&#8221; css_animation=&#8221;fadeInUpBig&#8221;][vc_empty_space height=&#8221;50px&#8221;][vc_single_image image=&#8221;1557&#8243; img_size=&#8221;full&#8221; css_animation=&#8221;fadeInUpBig&#8221;][\/vc_column][\/vc_row][vc_row][vc_column][vc_column_text]<\/p>\n<p>[\/vc_column_text][\/vc_column][\/vc_row]<\/p>\n<\/section>","protected":false},"excerpt":{"rendered":"<p>[vc_row][vc_column][vc_column_text] [\/vc_column_text][\/vc_column][\/vc_row][vc_row][vc_column width=&#8221;1\/2&#8243;][vc_column_text] F\u00fcr das kleinere Verm\u00f6gen Zukunftsorientiertes Investieren mit dem Managed Depot \u2013 Ihrem \u201eRuhestandsportfolio\u201c Liebe Investorinnen und Investoren, Geldanlage ist heute komplexer denn je. Niedrige Zinsen, politische und wirtschaftliche Unsicherheiten, Inflationsrisiken oder m\u00f6gliche Reformen k\u00f6nnen Anleger verunsichern. Viele Menschen fragen sich: \u201eWie kann ich mein Verm\u00f6gen sch\u00fctzen, gleichzeitig Chancen nutzen und sicher in [&hellip;]<\/p>\n","protected":false},"author":1,"featured_media":0,"parent":0,"menu_order":0,"comment_status":"closed","ping_status":"closed","template":"","meta":[],"_links":{"self":[{"href":"https:\/\/black-ferryman.com\/index.php\/wp-json\/wp\/v2\/pages\/2842"}],"collection":[{"href":"https:\/\/black-ferryman.com\/index.php\/wp-json\/wp\/v2\/pages"}],"about":[{"href":"https:\/\/black-ferryman.com\/index.php\/wp-json\/wp\/v2\/types\/page"}],"author":[{"embeddable":true,"href":"https:\/\/black-ferryman.com\/index.php\/wp-json\/wp\/v2\/users\/1"}],"replies":[{"embeddable":true,"href":"https:\/\/black-ferryman.com\/index.php\/wp-json\/wp\/v2\/comments?post=2842"}],"version-history":[{"count":22,"href":"https:\/\/black-ferryman.com\/index.php\/wp-json\/wp\/v2\/pages\/2842\/revisions"}],"predecessor-version":[{"id":4957,"href":"https:\/\/black-ferryman.com\/index.php\/wp-json\/wp\/v2\/pages\/2842\/revisions\/4957"}],"wp:attachment":[{"href":"https:\/\/black-ferryman.com\/index.php\/wp-json\/wp\/v2\/media?parent=2842"}],"curies":[{"name":"wp","href":"https:\/\/api.w.org\/{rel}","templated":true}]}}