{"id":1399,"date":"2019-03-21T14:08:42","date_gmt":"2019-03-21T13:08:42","guid":{"rendered":"https:\/\/black-ferryman.com\/?page_id=1399"},"modified":"2026-04-22T03:05:14","modified_gmt":"2026-04-22T01:05:14","slug":"black-ferryman-strong-brands-ar","status":"publish","type":"page","link":"https:\/\/black-ferryman.com\/index.php\/black-ferryman-strong-brands-ar\/","title":{"rendered":"Black Ferryman &#8211; Strong Brands AR"},"content":{"rendered":"<section class=\"wpb-content-wrapper\"><p>[vc_row][vc_column][vc_raw_html]JTNDY2VudGVyJTNFJTBBQmxhY2slMjBGZXJyeW1hbiUyMC0lMjAlM0NiciUzRSUyMFN0cm9uZyUyMEJyYW5kcyUyMEFSJTNDZGl2JTIwY2xhc3MlM0QlMjJiZm1mJTIyJTNFJTNDZm9udCUyMGNvbG9yJTNEJTIyd2hpdGUlMjIlM0UlM0Nmb250JTIwY29sb3IlM0QlMjJ3aGl0ZSUyMiUzRSUzQ2ZvbnQlMjBjb2xvciUzRCUyMiUyMzY2NiUyMiUzRSUzQ2RpdiUyMGNsYXNzJTNEJTIyYmZtZl90aXRsZSUyMiUzRSUzQyUyRmElM0UlM0MlMkZkaXYlM0UlM0NociUzRSUzQ2RpdiUyMGFsaWduJTNEJTIyY2VudGVyJTIyJTIwY2xhc3MlM0QlMjJiZm1mX2ljb24lMjIlM0UlMEElMjAlMjAlMjAlMjAlMjAlMjAlMjAlMjAlMjAlMjAlMjAlMjAlMjAlMjAlMjAlMjAlMjAlMjAlMjAlMjAlMjAlMjAlMjAlMjAlMjAlMjAlMjAlMjAlMjAlMjAlMjAlMjAlMjAlMjAlMjAlMjAlMjAlMjAlMjAlMjAlMjAlMjAlMjAlMjAlM0NpbWclMjBjbGFzcyUzRCUyMmltZy1pY29uJTIyJTIwc3JjJTNEJTIyaHR0cHMlM0ElMkYlMkZibGFjay1mZXJyeW1hbi5jb20lMkZ3cC1jb250ZW50JTJGdXBsb2FkcyUyRjIwMTklMkYwNCUyRnVwLnBuZyUyMiUzRSUzQyUyRmRpdiUzRSUzQ2RpdiUyMGFsaWduJTNEJTIyY2VudGVyJTIyJTNFJTBBJTA5JTA5JTA5JTA5JTA5JTA5JTA5JTA5JTA5JTA5JTA5JTNDZm9udCUyMHN0eWxlJTNEJTIyZm9udC1zaXplJTNBMjRweCUzQiUyMGZvbnQtd2VpZ2h0JTNBJTIwNTAwJTNCJTIyJTNFMTQzLjc1JTIwRVVSJTNDYnIlM0UlMjAlMEElMjAlMjAlMjAlMjAlMjAlMjAlMjAlMjAlMjAlMjAlMjAlMjAlMjAlMjAlMjAlMjAlMjAlMjAlMjAlMjAlMjAlMjAlMjAlMjAlMjAlMjAlMjAlMjAlMjAlMjAlMjAlMjAlMjAlMjAlMjAlMjAlMjAlMjAlMjAlMjAlMjAlMjAlMjAlMjAlM0MlMkZmb250JTNFJTBBJTIwJTIwJTIwJTIwJTIwJTIwJTIwJTIwJTIwJTIwJTIwJTIwJTIwJTIwJTIwJTIwJTIwJTIwJTIwJTIwJTIwJTIwJTIwJTIwJTIwJTIwJTIwJTIwJTIwJTIwJTIwJTIwJTIwJTIwJTIwJTIwJTIwJTIwJTIwJTIwJTIwJTIwJTIwJTIwJTNDZm9udCUyMHN0eWxlJTNEJTIyZm9udC1zaXplJTNBMTRweCUzQiUyMGZvbnQtd2VpZ2h0JTNBJTIwNTAwJTNCJTIyJTNFJTBBJTIwJTIwJTIwJTIwJTIwJTIwJTIwJTIwJTIwJTIwJTIwJTIwJTIwJTIwJTIwJTIwJTIwJTIwJTIwJTIwJTIwJTIwJTIwJTIwJTIwJTIwJTIwJTIwJTIwJTIwJTIwJTIwJTIwJTIwJTIwJTIwJTIwJTIwJTIwJTIwJTIwJTIwJTIwJTIwJTJCMC4yNSUwQSUyMCUyMCUyMCUyMCUyMCUyMCUyMCUyMCUyMCUyMCUyMCUyMCUyMCUyMCUyMCUyMCUyMCUyMCUyMCUyMCUyMCUyMCUyMCUyMCUyMCUyMCUyMCUyMCUyMCUyMCUyMCUyMCUyMCUyMCUyMCUyMCUyMCUyMCUyMCUyMCUyMCUyMCUyMCUyMCUwQSUyMCUyMCUyMCUyMCUyMCUyMCUyMCUyMCUyMCUyMCUyMCUyMCUyMCUyMCUyMCUyMCUyMCUyMCUyMCUyMCUyMCUyMCUyMCUyMCUyMCUyMCUyMCUyMCUyMCUyMCUyMCUyMCUyMCUyMCUyMCUyMCUyMCUyMCUyMCUyMCUyMCUyMCUyMCUyMCUyNSUzQyUyRmZvbnQlM0UlM0NiciUzRSUwQSUyMCUyMCUyMCUyMCUyMCUyMCUyMCUyMCUyMCUyMCUyMCUyMCUyMCUyMCUyMCUyMCUyMCUyMCUyMCUyMCUyMCUyMCUyMCUyMCUyMCUyMCUyMCUyMCUyMCUyMCUyMCUyMCUyMCUyMCUyMCUyMCUyMCUyMCUyMCUyMCUyMCUyMCUyMCUyMCUwOSUwOSUwOSUwOSUwOSUwOSUwOSUwOSUwOSUwOSUwOSUwQSUwOSUwOSUwOSUwOSUwOSUwOSUwOSUwOSUwOSUwOSUwOSUwQSUwOSUwOSUwOSUwOSUwOSUwOSUwOSUwOSUwOSUwOSUyNm5ic3AlM0IlM0Nmb250JTIwc3R5bGUlM0QlMjJtYXJnaW4tbGVmdCUzQSUyMDBweCUzQiUyMGZvbnQtc2l6ZSUzQTE0cHglM0IlMjBmb250LXdlaWdodCUzQSUyMDUwMCUzQiUyMiUzRSUyNm5ic3AlM0JSJUMzJUJDY2tuYWhtZXByZWlzJTIwMjAuMDQuMjAyNiUzQyUyRmZvbnQlM0UlM0MlMkZkaXYlM0UlM0N0YWJsZSUyMHdpZHRoJTNEJTIyMjUwJTIyJTIwY2VsbHNwYWNpbmclM0QlMjIwJTIyJTIwY2VsbHBhZGRpbmclM0QlMjIwJTIyJTIwYm9yZGVyJTNEJTIyMCUyMiUzRSUwQSUwOSUwOSUwOSUwOSUwOSUwOSUwQSUwOSUwOSUwOSUwOSUwOSUwOSUwOSUwOSUwOSUwOSUwOSUwOSUwOSUwOSUwOSUwOSUwOSUwOSUwOSUwOSUwOSUwQSUwOSUwOSUwOSUwOSUwOSUwOSUwOSUwOSUwOSUwQSUwOSUwOSUwOSUwOSUwOSUwOSUwOSUwOSUwQSUwOSUwOSUwOSUwOSUwOSUwOSUwOSUwOSUwOSUwOSUwQSUwOSUwOSUwOSUwOSUwOSUwOSUwOSUwOSUwOSUwQSUzQyUyRnRhYmxlJTNFJTNDJTJGZm9udCUzRSUzQyUyRmZvbnQlM0UlM0MlMkZmb250JTNFJTNDJTJGZGl2JTNFJTNDJTJGY2VudGVyJTNF[\/vc_raw_html][vc_tta_tabs][vc_tta_section title=&#8221;Stammdaten&#8221; tab_id=&#8221;1553173741154-bb787893-9dbe&#8221;][vc_row_inner][vc_column_inner][vc_column_text]<\/p>\n<table id=\"tablepress-11\" class=\"tablepress tablepress-id-11 tabelle\">\n<tbody>\n<tr class=\"row-1\">\n<td class=\"column-1\">ISIN:<\/td>\n<td class=\"column-2\">LU1807512386<\/td>\n<\/tr>\n<tr class=\"row-2\">\n<td class=\"column-1\">WKN:<\/td>\n<td class=\"column-2\">A2JH39<\/td>\n<\/tr>\n<tr class=\"row-3\">\n<td class=\"column-1\">Fondskategorie:<\/td>\n<td class=\"column-2\">Aktienfonds<\/td>\n<\/tr>\n<tr class=\"row-4\">\n<td class=\"column-1\">Ertragsverwendung:<\/td>\n<td class=\"column-2\">aussch\u00fcttend<\/td>\n<\/tr>\n<tr class=\"row-5\">\n<td class=\"column-1\">SRI:<\/td>\n<td class=\"column-2\">4<\/td>\n<\/tr>\n<tr class=\"row-6\">\n<td class=\"column-1\">Erstausgabepreis:<\/td>\n<td class=\"column-2\">100,00 EUR am 16.01.2019<\/td>\n<\/tr>\n<tr class=\"row-7\">\n<td class=\"column-1\">Ausgabeaufschlag:<\/td>\n<td class=\"column-2\">bis zu 5,26 %<\/td>\n<\/tr>\n<tr class=\"row-8\">\n<td class=\"column-1\">R\u00fccknahmeabschlag:<\/td>\n<td class=\"column-2\">keiner<\/td>\n<\/tr>\n<tr class=\"row-9\">\n<td class=\"column-1\">Mindestersteinlage:<\/td>\n<td class=\"column-2\">25,00 EUR<\/td>\n<\/tr>\n<tr class=\"row-10\">\n<td class=\"column-1\">Sparplan:<\/td>\n<td class=\"column-2\">ja<\/td>\n<\/tr>\n<tr class=\"row-11\">\n<td class=\"column-1\">Mindestbetrag Sparplan:<\/td>\n<td class=\"column-2\">25,00 EUR monatlich<\/td>\n<\/tr>\n<tr class=\"row-12\">\n<td class=\"column-1\">Frequenz der Preisberechnung:<\/td>\n<td class=\"column-2\">b\u00f6rsent\u00e4glich<\/td>\n<\/tr>\n<tr class=\"row-13\">\n<td class=\"column-1\">Gesch\u00e4ftsjahresende:<\/td>\n<td class=\"column-2\">31.12.<\/td>\n<\/tr>\n<tr class=\"row-14\">\n<td class=\"column-1\">Orderannahmeschluss:<\/td>\n<td class=\"column-2\">16:30 Uhr<\/td>\n<\/tr>\n<tr class=\"row-15\">\n<td class=\"column-1\">Settlement bei Kauf:<\/td>\n<td class=\"column-2\">T + 3 bzw. T + 2<\/td>\n<\/tr>\n<tr class=\"row-16\">\n<td class=\"column-1\">Settlement bei Verkauf:<\/td>\n<td class=\"column-2\">T + 3<\/td>\n<\/tr>\n<tr class=\"row-17\">\n<td class=\"column-1\">Verwaltungsgeb\u00fchr:<\/td>\n<td class=\"column-2\">bis zu 1,50 %<\/td>\n<\/tr>\n<tr class=\"row-18\">\n<td class=\"column-1\">Performance Fee:<\/td>\n<td class=\"column-2\">Bis zu 20 % des Anstiegs des Anteilwertes\u00a0(High Water Mark)<\/td>\n<\/tr>\n<tr class=\"row-19\">\n<td class=\"column-1\">Verwahrstelle:<\/td>\n<td class=\"column-2\">VP Bank Luxembourg S.A.<\/td>\n<\/tr>\n<tr class=\"row-20\">\n<td class=\"column-1\">Verwaltungsgesellschaft:<\/td>\n<td class=\"column-2\">1741 Group Fund Management AG, Zweigniederlassung Luxemburg<\/td>\n<\/tr>\n<tr class=\"row-21\">\n<td class=\"column-1\">Investmentmanager:<\/td>\n<td class=\"column-2\"><span dir=\"ltr\" role=\"presentation\">Dr. Thilenius Management GmbH<\/span><\/td>\n<\/tr>\n<\/tbody>\n<\/table>\n<p>[\/vc_column_text][\/vc_column_inner][\/vc_row_inner][vc_column_text][\/vc_column_text][\/vc_tta_section][vc_tta_section title=&#8221;Dokumente&#8221; tab_id=&#8221;1553173797820-86d8cf12-88cb&#8221;][vc_column_text]<\/p>\n<table class=\"fsl-widget-table document-table itemlist table-first-part document-table-1-1 \" cellspacing=\"2\" data-fsl-pwk-widget-id=\"\">\n<tbody>\n<tr>\n<td style=\"width: 740px;\">Reporting<\/td>\n<td>Datum<\/td>\n<td class=\"fsl-download-doc fsl-download-fs\" data-locale=\"de_DE\">DE<\/td>\n<\/tr>\n<tr>\n<td style=\"width: 740px;\">Halbjahresbericht<\/td>\n<td>30.06.2025<\/td>\n<td class=\"fsl-download-fs\" data-locale=\"de_DE\"><a href=\"https:\/\/vpfs.vpfundsolutions.vpbank.com\/docrepository\/hjb\/LU1807512386\/de_DE\"><img decoding=\"async\" loading=\"lazy\" src=\"https:\/\/black-ferryman.com\/wp-content\/uploads\/2019\/04\/pdf_ico1.png\" alt=\"\" width=\"36\" height=\"36\" \/><\/a><\/td>\n<\/tr>\n<tr>\n<td style=\"width: 740px;\">Jahresbericht<\/td>\n<td>31.12.2024<\/td>\n<td class=\"fsl-download-fs\" data-locale=\"de_DE\"><a href=\"https:\/\/vpfs.vpfundsolutions.vpbank.com\/docrepository\/jb\/LU1807512386\/de_DE\"><img decoding=\"async\" loading=\"lazy\" src=\"https:\/\/black-ferryman.com\/wp-content\/uploads\/2019\/04\/pdf_ico1.png\" alt=\"\" width=\"36\" height=\"36\" \/><\/a><\/td>\n<\/tr>\n<\/tbody>\n<\/table>\n<table class=\"fsl-widget-table document-table itemlist table-first-part document-table-2-1 \" cellspacing=\"2\" data-fsl-pwk-widget-id=\"\">\n<thead><\/thead>\n<tbody>\n<tr>\n<td>Rechtliche Dokumente<\/td>\n<td>Datum<\/td>\n<td class=\"fsl-download-doc fsl-download-fs\" data-locale=\"de_DE\">DE<\/td>\n<\/tr>\n<tr>\n<td>Basisinformationsblatt (PRIIP)<\/td>\n<td>19.05.2025<\/td>\n<td class=\"fsl-download-fs\" data-locale=\"de_DE\"><a href=\"https:\/\/vpfs.vpfundsolutions.vpbank.com\/docrepository\/kiid\/LU1807512386\/de_DE\"><img decoding=\"async\" loading=\"lazy\" src=\"https:\/\/black-ferryman.com\/wp-content\/uploads\/2019\/04\/pdf_ico1.png\" alt=\"\" width=\"36\" height=\"36\" \/><\/a><\/td>\n<\/tr>\n<tr>\n<td>Verkaufsprospekt<\/td>\n<td>01.01.2025<\/td>\n<td class=\"fsl-download-fs\" data-locale=\"de_DE\"><a href=\"https:\/\/vpfs.vpfundsolutions.vpbank.com\/docrepository\/vkp\/LU1807512386\/de_DE\"><img decoding=\"async\" loading=\"lazy\" src=\"https:\/\/black-ferryman.com\/wp-content\/uploads\/2019\/04\/pdf_ico1.png\" alt=\"\" width=\"36\" height=\"36\" \/><\/a><\/td>\n<\/tr>\n<\/tbody>\n<\/table>\n<div class=\"fsl-widget-widget-list newsletters-holder\"><span style=\"color: #ff0000;\"><strong><span style=\"color: #ff0000;\"><a style=\"color: #ff0000;\" href=\"https:\/\/black-ferryman.com\/wp-content\/uploads\/2026\/03\/Prasentation-des-Black-Ferryman-Strong-Brands-AR-vom-01.06.2025.pdf\">Pr\u00e4sentation des Black Ferryman &#8211; Strong Brands AR vom 01.06.2025<\/a><\/span><\/strong><\/span><\/div>\n<p>[\/vc_column_text][vc_column_text][\/vc_column_text][\/vc_tta_section][\/vc_tta_tabs][\/vc_column][\/vc_row][vc_row][vc_column][\/vc_column][\/vc_row]<\/p>\n<\/section>","protected":false},"excerpt":{"rendered":"<p>[vc_row][vc_column][vc_raw_html]JTNDY2VudGVyJTNFJTBBQmxhY2slMjBGZXJyeW1hbiUyMC0lMjAlM0NiciUzRSUyMFN0cm9uZyUyMEJyYW5kcyUyMEFSJTNDZGl2JTIwY2xhc3MlM0QlMjJiZm1mJTIyJTNFJTNDZm9udCUyMGNvbG9yJTNEJTIyd2hpdGUlMjIlM0UlM0Nmb250JTIwY29sb3IlM0QlMjJ3aGl0ZSUyMiUzRSUzQ2ZvbnQlMjBjb2xvciUzRCUyMiUyMzY2NiUyMiUzRSUzQ2RpdiUyMGNsYXNzJTNEJTIyYmZtZl90aXRsZSUyMiUzRSUzQyUyRmElM0UlM0MlMkZkaXYlM0UlM0NociUzRSUzQ2RpdiUyMGFsaWduJTNEJTIyY2VudGVyJTIyJTIwY2xhc3MlM0QlMjJiZm1mX2ljb24lMjIlM0UlMEElMjAlMjAlMjAlMjAlMjAlMjAlMjAlMjAlMjAlMjAlMjAlMjAlMjAlMjAlMjAlMjAlMjAlMjAlMjAlMjAlMjAlMjAlMjAlMjAlMjAlMjAlMjAlMjAlMjAlMjAlMjAlMjAlMjAlMjAlMjAlMjAlMjAlMjAlMjAlMjAlMjAlMjAlMjAlMjAlM0NpbWclMjBjbGFzcyUzRCUyMmltZy1pY29uJTIyJTIwc3JjJTNEJTIyaHR0cHMlM0ElMkYlMkZibGFjay1mZXJyeW1hbi5jb20lMkZ3cC1jb250ZW50JTJGdXBsb2FkcyUyRjIwMTklMkYwNCUyRnVwLnBuZyUyMiUzRSUzQyUyRmRpdiUzRSUzQ2RpdiUyMGFsaWduJTNEJTIyY2VudGVyJTIyJTNFJTBBJTA5JTA5JTA5JTA5JTA5JTA5JTA5JTA5JTA5JTA5JTA5JTNDZm9udCUyMHN0eWxlJTNEJTIyZm9udC1zaXplJTNBMjRweCUzQiUyMGZvbnQtd2VpZ2h0JTNBJTIwNTAwJTNCJTIyJTNFMTQzLjc1JTIwRVVSJTNDYnIlM0UlMjAlMEElMjAlMjAlMjAlMjAlMjAlMjAlMjAlMjAlMjAlMjAlMjAlMjAlMjAlMjAlMjAlMjAlMjAlMjAlMjAlMjAlMjAlMjAlMjAlMjAlMjAlMjAlMjAlMjAlMjAlMjAlMjAlMjAlMjAlMjAlMjAlMjAlMjAlMjAlMjAlMjAlMjAlMjAlMjAlMjAlM0MlMkZmb250JTNFJTBBJTIwJTIwJTIwJTIwJTIwJTIwJTIwJTIwJTIwJTIwJTIwJTIwJTIwJTIwJTIwJTIwJTIwJTIwJTIwJTIwJTIwJTIwJTIwJTIwJTIwJTIwJTIwJTIwJTIwJTIwJTIwJTIwJTIwJTIwJTIwJTIwJTIwJTIwJTIwJTIwJTIwJTIwJTIwJTIwJTNDZm9udCUyMHN0eWxlJTNEJTIyZm9udC1zaXplJTNBMTRweCUzQiUyMGZvbnQtd2VpZ2h0JTNBJTIwNTAwJTNCJTIyJTNFJTBBJTIwJTIwJTIwJTIwJTIwJTIwJTIwJTIwJTIwJTIwJTIwJTIwJTIwJTIwJTIwJTIwJTIwJTIwJTIwJTIwJTIwJTIwJTIwJTIwJTIwJTIwJTIwJTIwJTIwJTIwJTIwJTIwJTIwJTIwJTIwJTIwJTIwJTIwJTIwJTIwJTIwJTIwJTIwJTIwJTJCMC4yNSUwQSUyMCUyMCUyMCUyMCUyMCUyMCUyMCUyMCUyMCUyMCUyMCUyMCUyMCUyMCUyMCUyMCUyMCUyMCUyMCUyMCUyMCUyMCUyMCUyMCUyMCUyMCUyMCUyMCUyMCUyMCUyMCUyMCUyMCUyMCUyMCUyMCUyMCUyMCUyMCUyMCUyMCUyMCUyMCUyMCUwQSUyMCUyMCUyMCUyMCUyMCUyMCUyMCUyMCUyMCUyMCUyMCUyMCUyMCUyMCUyMCUyMCUyMCUyMCUyMCUyMCUyMCUyMCUyMCUyMCUyMCUyMCUyMCUyMCUyMCUyMCUyMCUyMCUyMCUyMCUyMCUyMCUyMCUyMCUyMCUyMCUyMCUyMCUyMCUyMCUyNSUzQyUyRmZvbnQlM0UlM0NiciUzRSUwQSUyMCUyMCUyMCUyMCUyMCUyMCUyMCUyMCUyMCUyMCUyMCUyMCUyMCUyMCUyMCUyMCUyMCUyMCUyMCUyMCUyMCUyMCUyMCUyMCUyMCUyMCUyMCUyMCUyMCUyMCUyMCUyMCUyMCUyMCUyMCUyMCUyMCUyMCUyMCUyMCUyMCUyMCUyMCUyMCUwOSUwOSUwOSUwOSUwOSUwOSUwOSUwOSUwOSUwOSUwOSUwQSUwOSUwOSUwOSUwOSUwOSUwOSUwOSUwOSUwOSUwOSUwOSUwQSUwOSUwOSUwOSUwOSUwOSUwOSUwOSUwOSUwOSUwOSUyNm5ic3AlM0IlM0Nmb250JTIwc3R5bGUlM0QlMjJtYXJnaW4tbGVmdCUzQSUyMDBweCUzQiUyMGZvbnQtc2l6ZSUzQTE0cHglM0IlMjBmb250LXdlaWdodCUzQSUyMDUwMCUzQiUyMiUzRSUyNm5ic3AlM0JSJUMzJUJDY2tuYWhtZXByZWlzJTIwMjAuMDQuMjAyNiUzQyUyRmZvbnQlM0UlM0MlMkZkaXYlM0UlM0N0YWJsZSUyMHdpZHRoJTNEJTIyMjUwJTIyJTIwY2VsbHNwYWNpbmclM0QlMjIwJTIyJTIwY2VsbHBhZGRpbmclM0QlMjIwJTIyJTIwYm9yZGVyJTNEJTIyMCUyMiUzRSUwQSUwOSUwOSUwOSUwOSUwOSUwOSUwQSUwOSUwOSUwOSUwOSUwOSUwOSUwOSUwOSUwOSUwOSUwOSUwOSUwOSUwOSUwOSUwOSUwOSUwOSUwOSUwOSUwOSUwQSUwOSUwOSUwOSUwOSUwOSUwOSUwOSUwOSUwOSUwQSUwOSUwOSUwOSUwOSUwOSUwOSUwOSUwOSUwQSUwOSUwOSUwOSUwOSUwOSUwOSUwOSUwOSUwOSUwOSUwQSUwOSUwOSUwOSUwOSUwOSUwOSUwOSUwOSUwOSUwQSUzQyUyRnRhYmxlJTNFJTNDJTJGZm9udCUzRSUzQyUyRmZvbnQlM0UlM0MlMkZmb250JTNFJTNDJTJGZGl2JTNFJTNDJTJGY2VudGVyJTNF[\/vc_raw_html][vc_tta_tabs][vc_tta_section title=&#8221;Stammdaten&#8221; tab_id=&#8221;1553173741154-bb787893-9dbe&#8221;][vc_row_inner][vc_column_inner][vc_column_text] ISIN: LU1807512386 WKN: A2JH39 Fondskategorie: Aktienfonds Ertragsverwendung: aussch\u00fcttend SRI: 4 Erstausgabepreis: 100,00 EUR am 16.01.2019 Ausgabeaufschlag: bis zu 5,26 % R\u00fccknahmeabschlag: keiner Mindestersteinlage: 25,00 EUR Sparplan: ja Mindestbetrag Sparplan: 25,00 EUR monatlich Frequenz der Preisberechnung: b\u00f6rsent\u00e4glich Gesch\u00e4ftsjahresende: 31.12. Orderannahmeschluss: 16:30 Uhr Settlement bei Kauf: T + 3 bzw. T + 2 Settlement [&hellip;]<\/p>\n","protected":false},"author":1,"featured_media":0,"parent":0,"menu_order":0,"comment_status":"closed","ping_status":"closed","template":"","meta":[],"_links":{"self":[{"href":"https:\/\/black-ferryman.com\/index.php\/wp-json\/wp\/v2\/pages\/1399"}],"collection":[{"href":"https:\/\/black-ferryman.com\/index.php\/wp-json\/wp\/v2\/pages"}],"about":[{"href":"https:\/\/black-ferryman.com\/index.php\/wp-json\/wp\/v2\/types\/page"}],"author":[{"embeddable":true,"href":"https:\/\/black-ferryman.com\/index.php\/wp-json\/wp\/v2\/users\/1"}],"replies":[{"embeddable":true,"href":"https:\/\/black-ferryman.com\/index.php\/wp-json\/wp\/v2\/comments?post=1399"}],"version-history":[{"count":576,"href":"https:\/\/black-ferryman.com\/index.php\/wp-json\/wp\/v2\/pages\/1399\/revisions"}],"predecessor-version":[{"id":5010,"href":"https:\/\/black-ferryman.com\/index.php\/wp-json\/wp\/v2\/pages\/1399\/revisions\/5010"}],"wp:attachment":[{"href":"https:\/\/black-ferryman.com\/index.php\/wp-json\/wp\/v2\/media?parent=1399"}],"curies":[{"name":"wp","href":"https:\/\/api.w.org\/{rel}","templated":true}]}}