{"id":1383,"date":"2019-03-12T18:39:38","date_gmt":"2019-03-12T17:39:38","guid":{"rendered":"https:\/\/black-ferryman.com\/?page_id=1383"},"modified":"2025-03-31T20:44:58","modified_gmt":"2025-03-31T18:44:58","slug":"datenschutz","status":"publish","type":"page","link":"https:\/\/black-ferryman.com\/index.php\/datenschutz\/","title":{"rendered":"Datenschutz"},"content":{"rendered":"<section class=\"wpb-content-wrapper\"><p>[vc_row][vc_column][vc_column_text]<\/p>\n<h3>Datenschutz<\/h3>\n<p><strong>DATENSCHUTZERKL\u00c4RUNG<\/strong><\/p>\n<p><strong>\u00a7 1 Allgemeines<\/strong><\/p>\n<p>Ihre personenbezogenen Daten (z.B. Anrede, Name, Anschrift, E-Mail-Adresse, Telefonnummer) werden von uns nur gem\u00e4\u00df den Bestimmungen des Datenschutzrechts der Europ\u00e4ischen Union (EU) verarbeitet. Die nachfolgenden Vorschriften informieren Sie neben den Verarbeitungszwecken, Empf\u00e4ngern, Rechtsgrundlagen, Speicherfristen auch \u00fcber Ihre Rechte und den Verantwortlichen f\u00fcr Ihre Datenverarbeitung. Diese Datenschutzerkl\u00e4rung bezieht sich nur auf unsere Websites. Falls Sie \u00fcber Links auf unseren Seiten auf andere Seiten weitergeleitet werden, informieren Sie sich bitte dort \u00fcber den jeweiligen Umgang mit Ihren Daten.<\/p>\n<p><strong>\u00a7 2 Kontaktaufnahme<\/strong><\/p>\n<p><strong>(1) Verarbeitungszweck<\/strong><\/p>\n<p>Ihre personenbezogenen Daten, die Sie uns per E-Mail, Kontaktformular etc. zur Verf\u00fcgung stellen, verarbeiten wir zur Beantwortung und Erledigung Ihrer Anfragen. Sie sind nicht verpflichtet, uns Ihre personenbezogenen Daten bereitzustellen. Aber ohne Mitteilung Ihrer E-Mail Adresse k\u00f6nnen wir Ihnen auch nicht per E-Mail antworten.<\/p>\n<p>Zur ausschlie\u00dflichen Erf\u00fcllung ihrer beauftragten Aufgaben verwendet die Firma Robert Bauman UG \u2013 Black Ferryman personenbezogene Daten. Dies geschieht nur mit entsprechenden Hinweisen und Einwilligungen der Betroffenen. An wen werden\/k\u00f6nnen Ihre Daten f\u00fcr Ihre Anfrage oder Auftragsbearbeitung weitergegeben werden:<br \/>\nAu\u00dfer wie in dieser Erkl\u00e4rung beschrieben, verkauft, vermietet und verleast die Firma Ihre personenbezogenen Informationen nicht an fremde Dritte und stellt sie fremden Dritten auch nicht in anderer Form zur Verf\u00fcgung. Im Besonderen schlie\u00dfen wir alle Formen von Werbung und Marketing durch die Firma oder mit uns verbundenen Unternehmen aus. Im Wesentlichen gleicht die Firma Robert Baumann \u2013 Black Ferryman Ihre Daten mit dem Verm\u00f6gensverwalter, Fondsplattformen, Depotbanken, Fondsgesellschaften und Versicherungsgesellschaften ab.<\/p>\n<p>Die Firma Robert Baumann UG \u2013 Black Ferryman nimmt Dienste von Lieferanten und Dienstanbieter f\u00fcr Administration und Softwareentwicklung in Anspruch. Diese sind vertraglich dazu verpflichtet (Vertrag \u00fcber Datenverarbeitung im Auftrag), die ihnen im Auftrag anvertrauten oder zug\u00e4nglichen Informationen vertraulich zu behandeln und f\u00fcr keine anderen Zwecke, au\u00dfer f\u00fcr ihre geleisteten Dienste zu verwenden. Folgende mit uns verbundenen Unternehmen und deren Mitarbeiter haben Zugang zu Ihren Daten bzw. einen Teil Ihrer Daten:<\/p>\n<p>Baumann &amp; Partners S.A.; Investmentgate GmbH &amp; Co.KG; Fil Fondsbank GmbH; European Bank for Financial Services GmbH; V-Bank AG; Fondskonzept AG; Fondskonzept Investmentmakler GmbH; Fondskonzept \u2013 Assekuranzmakler GmbH;\u00a0 Sosnowski Computersysteme GmbH; Stegbauer Datawork; Mailchimp; FINANZINVEST Consulting GmbH;<\/p>\n<p><strong>(2) Rechtsgrundlagen<\/strong><\/p>\n<ol>\n<li>a) Sollten Sie uns eine ausdr\u00fcckliche Einwilligung zur Verarbeitung Ihrer Daten gegeben haben, ist Art.\u00a06 Abs. 1a) DSGVO die Rechtsgrundlage f\u00fcr diese Verarbeitung.<\/li>\n<li>b) Sollten wir Ihre Daten zur Durchf\u00fchrung vorvertraglicher Ma\u00dfnahmen verarbeiten, ist Art.\u00a06 Abs. 1b) DSGVO die Rechtsgrundlage.<\/li>\n<li>c) In allen anderen F\u00e4llen (insbesondere bei Nutzung eines Kontaktformulars) ist Art.\u00a06 Abs. 1f) DSGVO die Rechtsgrundlage.<\/li>\n<\/ol>\n<p><strong>WIDERSPRUCHSRECHT: Sie haben das Recht, der Datenverarbeitung die auf der Grundlage des Art. 6 Abs. 1 f) DSGVO erfolgt und nicht der Direktwerbung dient aus Gr\u00fcnden, die sich aus Ihrer besonderen Situation ergeben, jederzeit zu widersprechen.<\/strong><\/p>\n<p><strong>Im Falle der Direktwerbung k\u00f6nnen Sie der Verarbeitung hingegen ohne Angabe von Gr\u00fcnden jederzeit widersprechen.<\/strong><\/p>\n<p><strong>(3) Berechtigtes Interesse<\/strong><\/p>\n<p>Unser berechtigtes Interesse an der Verarbeitung besteht darin, mit Ihnen auf schnellem Wege zu kommunizieren und Ihre Anfragen kosteng\u00fcnstig zu beantworten. Wenn Sie uns Ihre Anschrift mitteilen, behalten wir uns vor, diese f\u00fcr postalische Direktwerbung zu verwenden. Ihr Interesse am Datenschutz k\u00f6nnen Sie durch eine sparsame Datenweitergabe (z.B. Verwendung eines Pseudonyms) wahren.<\/p>\n<p><strong>(4) Empf\u00e4ngerkategorien<\/strong><\/p>\n<p>Hostinganbieter, Versanddienstleister bei Direktwerbung<\/p>\n<p><strong>(5) Speicherdauer<\/strong><\/p>\n<p>Ihre Daten werden gel\u00f6scht, wenn sich aus den Umst\u00e4nden entnehmen l\u00e4sst, dass Ihre Anfrage bzw. der betroffene Sachverhalt abschlie\u00dfend gekl\u00e4rt ist.<\/p>\n<p>Falls es jedoch zu einem Vertragsschluss kommt, werden die nach Handels- und Steuerrecht erforderlichen Daten von uns f\u00fcr die gesetzlich bestimmten Zeitr\u00e4ume aufbewahrt, also regelm\u00e4\u00dfig zehn Jahre (vgl. \u00a7 257 HGB, \u00a7 147 AO).<\/p>\n<p><strong>(6) Widerrufsrecht<\/strong><\/p>\n<p>Sie haben im Fall der Verarbeitung aufgrund Ihrer Einwilligung das Recht, Ihre Einwilligung jederzeit zu widerrufen.<\/p>\n<p><strong>\u00a7 3 Informationen \u00fcber Cookies<\/strong><\/p>\n<p><strong>(1) Verarbeitungszweck<\/strong><\/p>\n<p>Auf dieser Webseite werden technisch notwendige Cookies eingesetzt. Es handelt sich dabei um kleine Textdateien, die im bzw. von Ihrem Internetbrowser auf Ihrem Computersystem gespeichert werden.<\/p>\n<p><strong>(2) Rechtsgrundlage<\/strong><\/p>\n<p>Rechtsgrundlage f\u00fcr diese Verarbeitung ist Art. 6 Abs.1 f) DSGVO.<\/p>\n<p><strong>(3) Berechtigtes Interesse<\/strong><\/p>\n<p>Unser berechtigtes Interesse ist die Funktionsf\u00e4higkeit unserer Webseite. Die durch technisch notwendige Cookies erhobenen Nutzerdaten werden nicht zur Erstellung von Nutzerprofilen verwendet. Dadurch wird Ihr Interesse am Datenschutz gewahrt.<\/p>\n<p>Die Firma Robert Baumann UG \u2013 Black Ferryman nimmt das Vertrauen, das Sie in uns setzen, \u00e4u\u00dferst wichtig. Um unbefugten Zugriff auf Ihre Daten oder deren Preisgabe zu verhindern, um die Integrit\u00e4t der Daten zu bewahren und die angemessene Verwendung der Daten zu gew\u00e4hrleisten, setzt die Firma geeignete physische, technische und administrative Verfahren zum Schutz der von der Firma erhobenen Informationen ein. Bei der Erhebung oder \u00dcbertragung sensibler Daten verwenden wir die SSL- und IPSec- Verschl\u00fcsselungen, die sicherstellen, dass niemand au\u00dfer uns die Daten lesen kann.<\/p>\n<p><strong>Google Analytics<\/strong><\/p>\n<p>Unsere Website benutzt Google Analytics, einen Webanalysedienst der Google Inc. (\u201eGoogle\u201c). Google Analytics verwendet sog. \u201eCookies\u201c, Textdateien, die auf Ihrem Computer gespeichert werden und die eine Analyse der Benutzung der Website durch Sie erm\u00f6glichen. Die durch das Cookie erzeugten Informationen \u00fcber Ihre Benutzung dieser Website werden in der Regel an einen Server von Google in den USA \u00fcbertragen und dort gespeichert. Wir haben IP-Anonymisierung auf unserer Website aktiviert, dadurch wird Ihre IP-Adresse von Google innerhalb von Mitgliedstaaten der Europ\u00e4ischen Union oder in anderen Vertragsstaaten des Abkommens \u00fcber den Europ\u00e4ischen Wirtschaftsraum zuvor gek\u00fcrzt. Nur in Ausnahmef\u00e4llen wird die volle IP-Adresse an einen Server von Google in den USA \u00fcbertragen und dort gek\u00fcrzt. In unserem Auftrag wird Google diese Informationen benutzen, um Ihre Nutzung der Website auszuwerten, um Reports \u00fcber die Websiteaktivit\u00e4ten zusammenzustellen und um weitere mit der Websitenutzung und der Internetnutzung verbundene Dienstleistungen uns gegen\u00fcber zu erbringen. Die im Rahmen von Google Analytics von Ihrem Browser \u00fcbermittelte IP-Adresse wird nicht mit anderen Daten von Google zusammengef\u00fchrt.<\/p>\n<p>Sie k\u00f6nnen die Speicherung der Cookies durch eine entsprechende Einstellung Ihrer Browser-Software verhindern; wir weisen Sie jedoch darauf hin, dass Sie in diesem Fall gegebenenfalls nicht s\u00e4mtliche Funktionen dieser Website vollumf\u00e4nglich werden nutzen k\u00f6nnen. Sie k\u00f6nnen dar\u00fcber hinaus die Erfassung der durch das Cookie erzeugten und auf Ihre Nutzung der Website bezogenen Daten (inkl. Ihrer IP-Adresse) an Google sowie die Verarbeitung dieser Daten durch Google verhindern, indem Sie das unter dem folgenden Link (http:\/\/tools.google.com\/dlpage\/gaoptout?hl=de) verf\u00fcgbare Browser-Plugin herunterladen und installieren.<\/p>\n<p>Alternativ zum Browser-Add-On oder innerhalb von Browsern auf mobilen Ger\u00e4ten, klicken Sie bitte diesen Link, um die Erfassung durch Google Analytics innerhalb dieser Website zuk\u00fcnftig zu verhindern (das Opt Out funktioniert nur in diesem Browser und nur f\u00fcr diese Domain). Dabei wird ein Opt-Out-Cookie auf Ihrem Ger\u00e4t abgelegt. L\u00f6schen Sie Ihre Cookies in diesem Browser, m\u00fcssen Sie diesen Link erneut klicken.<\/p>\n<p><strong>(4) Speicherdauer<\/strong><\/p>\n<p>Die technisch notwendigen Cookies werden im Regelfall mit dem Schlie\u00dfen des Browsers gel\u00f6scht.<strong>\u00a0<\/strong>Dauerhaft gespeicherte Cookies haben eine unterschiedlich lange Lebensdauer von einigen Minuten bis zu mehreren Jahren.<\/p>\n<p><strong>(5) WIDERSPRUCHSRECHT<\/strong><\/p>\n<p><strong>Falls Sie die Speicherung dieser Cookies nicht w\u00fcnschen, deaktivieren Sie bitte die Annahme dieser Cookies in Ihrem Internetbrowser.\u00a0Dies kann aber eine Funktionseinschr\u00e4nkung unserer Webseite zur Folge haben.\u00a0Dauerhaft<\/strong>\u00a0<strong>gespeicherte Cookies k\u00f6nnen Sie ebenfalls jederzeit \u00fcber Ihren Browser l\u00f6schen.<\/strong><\/p>\n<p><strong>\u00a7 4 Rechte der betroffenen Person<\/strong><\/p>\n<p>Werden personenbezogene Daten von Ihnen verarbeitet, sind Sie Betroffener i.S.d. DSGVO und es stehen Ihnen folgende Rechte gegen\u00fcber dem Verantwortlichen zu:<\/p>\n<p><strong>1.\u00a0 Auskunftsrecht<\/strong><\/p>\n<p>Sie k\u00f6nnen von dem Verantwortlichen eine Best\u00e4tigung dar\u00fcber verlangen, ob personenbezogene Daten, die Sie betreffen, von uns verarbeitet werden.<\/p>\n<p>Liegt eine solche Verarbeitung vor, k\u00f6nnen Sie von dem Verantwortlichen \u00fcber folgende Informationen Auskunft verlangen:<\/p>\n<p>(1) die Zwecke, zu denen die personenbezogenen Daten verarbeitet werden;<\/p>\n<p>(2) die Kategorien von personenbezogenen Daten, welche verarbeitet werden;<\/p>\n<p>(3) die Empf\u00e4nger bzw. die Kategorien von Empf\u00e4ngern, gegen\u00fcber denen die Sie betreffenden personenbezogenen Daten offengelegt wurden oder noch offengelegt werden;<\/p>\n<p>(4) die geplante Dauer der Speicherung der Sie betreffenden personenbezogenen Daten oder, falls konkrete Angaben hierzu nicht m\u00f6glich sind, Kriterien f\u00fcr die Festlegung der Speicherdauer;<\/p>\n<p>(5) das Bestehen eines Rechts auf Berichtigung oder L\u00f6schung der Sie betreffenden personenbezogenen Daten, eines Rechts auf Einschr\u00e4nkung der Verarbeitung durch den Verantwortlichen oder eines Widerspruchsrechts gegen diese Verarbeitung;<\/p>\n<p>(6) das Bestehen eines Beschwerderechts bei einer Aufsichtsbeh\u00f6rde;<\/p>\n<p>(7) alle verf\u00fcgbaren Informationen \u00fcber die Herkunft der Daten, wenn die personenbezogenen Daten nicht bei der betroffenen Person erhoben werden;<\/p>\n<p>(8) das Bestehen einer automatisierten Entscheidungsfindung einschlie\u00dflich Profiling gem\u00e4\u00df Art.\u00a022 Abs.\u00a01 und 4 DSGVO und \u2013 zumindest in diesen F\u00e4llen \u2013 aussagekr\u00e4ftige Informationen \u00fcber die involvierte Logik sowie die Tragweite und die angestrebten Auswirkungen einer derartigen Verarbeitung f\u00fcr die betroffene Person.<\/p>\n<p>Ihnen steht das Recht zu, Auskunft dar\u00fcber zu verlangen, ob die Sie betreffenden personenbezogenen Daten in ein Drittland oder an eine internationale Organisation \u00fcbermittelt werden. In diesem Zusammenhang k\u00f6nnen Sie verlangen, \u00fcber die geeigneten Garantien gem. Art.\u00a046 DSGVO im Zusammenhang mit der \u00dcbermittlung unterrichtet zu werden.<\/p>\n<p><strong>2. Recht auf Berichtigung<\/strong><\/p>\n<p>Sie haben ein Recht auf Berichtigung und\/oder Vervollst\u00e4ndigung gegen\u00fcber dem Verantwortlichen, sofern die verarbeiteten personenbezogenen Daten, die Sie betreffen, unrichtig oder unvollst\u00e4ndig sind. Der Verantwortliche hat die Berichtigung unverz\u00fcglich vorzunehmen.<\/p>\n<p><strong>3. Recht auf Einschr\u00e4nkung der Verarbeitung<\/strong><\/p>\n<p>Unter den folgenden Voraussetzungen k\u00f6nnen Sie die Einschr\u00e4nkung der Verarbeitung der Sie betreffenden personenbezogenen Daten verlangen:<\/p>\n<p>(1) wenn Sie die Richtigkeit der Sie betreffenden personenbezogenen Daten f\u00fcr eine Dauer bestreiten, die es dem Verantwortlichen erm\u00f6glicht, die Richtigkeit der personenbezogenen Daten zu \u00fcberpr\u00fcfen;<\/p>\n<p>(2) die Verarbeitung unrechtm\u00e4\u00dfig ist und Sie die L\u00f6schung der personenbezogenen Daten ablehnen und stattdessen die Einschr\u00e4nkung der Nutzung der personenbezogenen Daten verlangen;<\/p>\n<p>(3) der Verantwortliche die personenbezogenen Daten f\u00fcr die Zwecke der Verarbeitung nicht l\u00e4nger ben\u00f6tigt, Sie diese jedoch zur Geltendmachung, Aus\u00fcbung oder Verteidigung von Rechtsanspr\u00fcchen ben\u00f6tigen, oder<\/p>\n<p>(4) wenn Sie Widerspruch gegen die Verarbeitung gem\u00e4\u00df Art.\u00a021 Abs.\u00a01 DSGVO eingelegt haben und noch nicht feststeht, ob die berechtigten Gr\u00fcnde des Verantwortlichen gegen\u00fcber Ihren Gr\u00fcnden \u00fcberwiegen.<\/p>\n<p>Wurde die Verarbeitung der Sie betreffenden personenbezogenen Daten eingeschr\u00e4nkt, d\u00fcrfen diese Daten \u2013 von ihrer Speicherung abgesehen \u2013 nur mit Ihrer Einwilligung oder zur Geltendmachung, Aus\u00fcbung oder Verteidigung von Rechtsanspr\u00fcchen oder zum Schutz der Rechte einer anderen nat\u00fcrlichen oder juristischen Person oder aus Gr\u00fcnden eines wichtigen \u00f6ffentlichen Interesses der Union oder eines Mitgliedstaats verarbeitet werden.<\/p>\n<p>Wurde die Einschr\u00e4nkung der Verarbeitung nach den oben genannten Voraussetzungen eingeschr\u00e4nkt, werden Sie von dem Verantwortlichen unterrichtet bevor die Einschr\u00e4nkung aufgehoben wird.<\/p>\n<p><strong>4. Recht auf L\u00f6schung<\/strong><\/p>\n<p><u>a) L\u00f6schungspflicht<\/u><\/p>\n<p>Sie k\u00f6nnen von dem Verantwortlichen verlangen, dass die Sie betreffenden personenbezogenen Daten unverz\u00fcglich gel\u00f6scht werden, und der Verantwortliche ist verpflichtet, diese Daten unverz\u00fcglich zu l\u00f6schen, sofern einer der folgenden Gr\u00fcnde zutrifft:<\/p>\n<p>(1) Die Sie betreffenden personenbezogenen Daten sind f\u00fcr die Zwecke, f\u00fcr die sie erhoben oder auf sonstige Weise verarbeitet wurden, nicht mehr notwendig.<\/p>\n<p>(2) Sie widerrufen Ihre Einwilligung, auf die sich die Verarbeitung gem. Art.\u00a06 Abs.\u00a01 lit.\u00a0a oder Art.\u00a09 Abs.\u00a02 lit.\u00a0a DSGVO st\u00fctzte, und es fehlt an einer anderweitigen Rechtsgrundlage f\u00fcr die Verarbeitung.<\/p>\n<p>(3) Sie legen gem. Art.\u00a021 Abs.\u00a01 DSGVO Widerspruch gegen die Verarbeitung ein und es liegen keine vorrangigen berechtigten Gr\u00fcnde f\u00fcr die Verarbeitung vor, oder Sie legen gem. Art.\u00a021 Abs.\u00a02 DSGVO Widerspruch gegen die Verarbeitung ein.<\/p>\n<p>(4) Die Sie betreffenden personenbezogenen Daten wurden unrechtm\u00e4\u00dfig verarbeitet.<\/p>\n<p>(5) Die L\u00f6schung der Sie betreffenden personenbezogenen Daten ist zur Erf\u00fcllung einer rechtlichen Verpflichtung nach dem Unionsrecht oder dem Recht der Mitgliedstaaten erforderlich, dem der Verantwortliche unterliegt.<\/p>\n<p>(6) Die Sie betreffenden personenbezogenen Daten wurden in Bezug auf angebotene Dienste der Informationsgesellschaft gem\u00e4\u00df Art.\u00a08 Abs.\u00a01 DSGVO erhoben.<\/p>\n<p><u>b) Information an Dritte<\/u><\/p>\n<p>Hat der Verantwortliche die Sie betreffenden personenbezogenen Daten \u00f6ffentlich gemacht und ist er gem. Art.\u00a017 Abs.\u00a01 DSGVO zu deren L\u00f6schung verpflichtet, so trifft er unter Ber\u00fccksichtigung der verf\u00fcgbaren Technologie und der Implementierungskosten angemessene Ma\u00dfnahmen, auch technischer Art, um die f\u00fcr die Datenverarbeitung Verantwortlichen, die die personenbezogenen Daten verarbeiten, dar\u00fcber zu informieren, dass Sie als betroffene Person von ihnen die L\u00f6schung aller Links zu diesen personenbezogenen Daten oder von Kopien oder Replikationen dieser personenbezogenen Daten verlangt haben.<\/p>\n<p><u>c) Ausnahmen<\/u><\/p>\n<p>Das Recht auf L\u00f6schung besteht nicht, soweit die Verarbeitung erforderlich ist<\/p>\n<p>(1) zur Aus\u00fcbung des Rechts auf freie Meinungs\u00e4u\u00dferung und Information;<\/p>\n<p>(2) zur Erf\u00fcllung einer rechtlichen Verpflichtung, die die Verarbeitung nach dem Recht der Union oder der Mitgliedstaaten, dem der Verantwortliche unterliegt, erfordert, oder zur Wahrnehmung einer Aufgabe, die im \u00f6ffentlichen Interesse liegt oder in Aus\u00fcbung \u00f6ffentlicher Gewalt erfolgt, die dem Verantwortlichen \u00fcbertragen wurde;<\/p>\n<p>(3) aus Gr\u00fcnden des \u00f6ffentlichen Interesses im Bereich der \u00f6ffentlichen Gesundheit gem\u00e4\u00df Art.\u00a09 Abs.\u00a02 lit.\u00a0h und i sowie Art.\u00a09 Abs.\u00a03 DSGVO;<\/p>\n<p>(4) f\u00fcr im \u00f6ffentlichen Interesse liegende Archivzwecke, wissenschaftliche oder historische Forschungszwecke oder f\u00fcr statistische Zwecke gem. Art.\u00a089 Abs.\u00a01 DSGVO, soweit das unter Abschnitt a) genannte Recht voraussichtlich die Verwirklichung der Ziele dieser Verarbeitung unm\u00f6glich macht oder ernsthaft beeintr\u00e4chtigt, oder<\/p>\n<p>(5) zur Geltendmachung, Aus\u00fcbung oder Verteidigung von Rechtsanspr\u00fcchen.<\/p>\n<p><strong>5. Recht auf Unterrichtung<\/strong><\/p>\n<p>Haben Sie das Recht auf Berichtigung, L\u00f6schung oder Einschr\u00e4nkung der Verarbeitung gegen\u00fcber dem Verantwortlichen geltend gemacht, ist dieser verpflichtet, allen Empf\u00e4ngern, denen die Sie betreffenden personenbezogenen Daten offengelegt wurden, diese Berichtigung oder L\u00f6schung der Daten oder Einschr\u00e4nkung der Verarbeitung mitzuteilen, es sei denn, dies erweist sich als unm\u00f6glich oder ist mit einem unverh\u00e4ltnism\u00e4\u00dfigen Aufwand verbunden.<\/p>\n<p>Ihnen steht gegen\u00fcber dem Verantwortlichen das Recht zu, \u00fcber diese Empf\u00e4nger unterrichtet zu werden.<\/p>\n<p><strong>6. Recht auf Daten\u00fcbertragbarkeit<\/strong><\/p>\n<p>Sie haben das Recht, die Sie betreffenden personenbezogenen Daten, die Sie dem Verantwortlichen bereitgestellt haben, in einem strukturierten, g\u00e4ngigen und maschinenlesbaren Format zu erhalten. Au\u00dferdem haben Sie das Recht diese Daten einem anderen Verantwortlichen ohne Behinderung durch den Verantwortlichen, dem die personenbezogenen Daten bereitgestellt wurden, zu \u00fcbermitteln, sofern<\/p>\n<p>(1) die Verarbeitung auf einer Einwilligung gem. Art.\u00a06 Abs.\u00a01 lit.\u00a0a DSGVO oder Art.\u00a09 Abs.\u00a02 lit.\u00a0a DSGVO oder auf einem Vertrag gem. Art.\u00a06 Abs.\u00a01 lit.\u00a0b DSGVO beruht und<\/p>\n<p>(2) die Verarbeitung mithilfe automatisierter Verfahren erfolgt.<\/p>\n<p>In Aus\u00fcbung dieses Rechts haben Sie ferner das Recht, zu erwirken, dass die Sie betreffenden personenbezogenen Daten direkt von einem Verantwortlichen einem anderen Verantwortlichen \u00fcbermittelt werden, soweit dies technisch machbar ist. Freiheiten und Rechte anderer Personen d\u00fcrfen hierdurch nicht beeintr\u00e4chtigt werden.<\/p>\n<p>Das Recht auf Daten\u00fcbertragbarkeit gilt nicht f\u00fcr eine Verarbeitung personenbezogener Daten, die f\u00fcr die Wahrnehmung einer Aufgabe erforderlich ist, die im \u00f6ffentlichen Interesse liegt oder in Aus\u00fcbung \u00f6ffentlicher Gewalt erfolgt, die dem Verantwortlichen \u00fcbertragen wurde.<\/p>\n<p><strong>7. Widerspruchsrecht<\/strong><\/p>\n<p>Sie haben das Recht, aus Gr\u00fcnden, die sich aus Ihrer besonderen Situation ergeben, jederzeit gegen die Verarbeitung der Sie betreffenden personenbezogenen Daten, die aufgrund von Art.\u00a06 Abs.\u00a01 lit.\u00a0e oder f DSGVO erfolgt, Widerspruch einzulegen; dies gilt auch f\u00fcr ein auf diese Bestimmungen gest\u00fctztes Profiling.<\/p>\n<p>Der Verantwortliche verarbeitet die Sie betreffenden personenbezogenen Daten nicht mehr, es sei denn, er kann zwingende schutzw\u00fcrdige Gr\u00fcnde f\u00fcr die Verarbeitung nachweisen, die Ihre Interessen, Rechte und Freiheiten \u00fcberwiegen, oder die Verarbeitung dient der Geltendmachung, Aus\u00fcbung oder Verteidigung von Rechtsanspr\u00fcchen.<\/p>\n<p>Werden die Sie betreffenden personenbezogenen Daten verarbeitet, um Direktwerbung zu betreiben, haben Sie das Recht, jederzeit Widerspruch gegen die Verarbeitung der Sie betreffenden personenbezogenen Daten zum Zwecke derartiger Werbung einzulegen; dies gilt auch f\u00fcr das Profiling, soweit es mit solcher Direktwerbung in Verbindung steht.<\/p>\n<p>Widersprechen Sie der Verarbeitung f\u00fcr Zwecke der Direktwerbung, so werden die Sie betreffenden personenbezogenen Daten nicht mehr f\u00fcr diese Zwecke verarbeitet.<\/p>\n<p>Sie haben die M\u00f6glichkeit, im Zusammenhang mit der Nutzung von Diensten der Informationsgesellschaft \u2013 ungeachtet der Richtlinie 2002\/58\/EG \u2013 Ihr Widerspruchsrecht mittels automatisierter Verfahren auszu\u00fcben, bei denen technische Spezifikationen verwendet werden.<\/p>\n<p><strong>8. Recht auf Widerruf der datenschutzrechtlichen Einwilligungserkl\u00e4rung<\/strong><\/p>\n<p>Sie haben das Recht, Ihre datenschutzrechtliche Einwilligungserkl\u00e4rung jederzeit zu widerrufen. Durch den Widerruf der Einwilligung wird die Rechtm\u00e4\u00dfigkeit der aufgrund der Einwilligung bis zum Widerruf erfolgten Verarbeitung nicht ber\u00fchrt.<\/p>\n<p><strong>9. Automatisierte Entscheidung im Einzelfall einschlie\u00dflich Profiling<\/strong><\/p>\n<p>Sie haben das Recht, nicht einer ausschlie\u00dflich auf einer automatisierten Verarbeitung \u2013 einschlie\u00dflich Profiling \u2013 beruhenden Entscheidung unterworfen zu werden, die Ihnen gegen\u00fcber rechtliche Wirkung entfaltet oder Sie in \u00e4hnlicher Weise erheblich beeintr\u00e4chtigt. Dies gilt nicht, wenn die Entscheidung<\/p>\n<p>(1) f\u00fcr den Abschluss oder die Erf\u00fcllung eines Vertrags zwischen Ihnen und dem Verantwortlichen erforderlich ist,<\/p>\n<p>(2) aufgrund von Rechtsvorschriften der Union oder der Mitgliedstaaten, denen der Verantwortliche unterliegt, zul\u00e4ssig ist und diese Rechtsvorschriften angemessene Ma\u00dfnahmen zur Wahrung Ihrer Rechte und Freiheiten sowie Ihrer berechtigten Interessen enthalten oder<\/p>\n<p>(3) mit Ihrer ausdr\u00fccklichen Einwilligung erfolgt.<\/p>\n<p>Allerdings d\u00fcrfen diese Entscheidungen nicht auf besonderen Kategorien personenbezogener Daten nach Art.\u00a09 Abs.\u00a01 DSGVO beruhen, sofern nicht Art.\u00a09 Abs.\u00a02 lit.\u00a0a oder g gilt und angemessene Ma\u00dfnahmen zum Schutz der Rechte und Freiheiten sowie Ihrer berechtigten Interessen getroffen wurden.<\/p>\n<p>Hinsichtlich der in (1) und (3) genannten F\u00e4lle trifft der Verantwortliche angemessene Ma\u00dfnahmen, um die Rechte und Freiheiten sowie Ihre berechtigten Interessen zu wahren, wozu mindestens das Recht auf Erwirkung des Eingreifens einer Person seitens des Verantwortlichen, auf Darlegung des eigenen Standpunkts und auf Anfechtung der Entscheidung geh\u00f6rt.<\/p>\n<p><strong>10. Recht auf Beschwerde bei einer Aufsichtsbeh\u00f6rde<\/strong><\/p>\n<p>Unbeschadet eines anderweitigen verwaltungsrechtlichen oder gerichtlichen Rechtsbehelfs steht Ihnen das Recht auf Beschwerde bei einer Aufsichtsbeh\u00f6rde, insbesondere in dem Mitgliedstaat Ihres Aufenthaltsorts, Ihres Arbeitsplatzes oder des Orts des mutma\u00dflichen Versto\u00dfes, zu, wenn Sie der Ansicht sind, dass die Verarbeitung der Sie betreffenden personenbezogenen Daten gegen die DSGVO verst\u00f6\u00dft.<\/p>\n<p>Die Aufsichtsbeh\u00f6rde, bei der die Beschwerde eingereicht wurde, unterrichtet den Beschwerdef\u00fchrer \u00fcber den Stand und die Ergebnisse der Beschwerde einschlie\u00dflich der M\u00f6glichkeit eines gerichtlichen Rechtsbehelfs nach Art.\u00a078 DSGVO.<\/p>\n<p>Wir wissen Ihre Meinung sehr zu sch\u00e4tzen. Falls Sie Kommentare oder Fragen zu unserer Datenschutzerkl\u00e4rung haben, senden Sie sie bitte eine Email oder schreiben Sie uns an folgende Adresse:<\/p>\n<p><strong>Ihr Ansprechpartner f\u00fcr die Datenverarbeitung:<\/strong><\/p>\n<p>Robert Baumann UG<\/p>\n<p>Robert Baumann<\/p>\n<p>Lindenstra\u00dfe 23<\/p>\n<p>89160 Dornstadt \u2013 Tomerdingen<\/p>\n<p>rbaumann@black-ferryman.com<\/p>\n<p>&nbsp;<\/p>\n<p><strong>Sicherheitshinweis<\/strong><\/p>\n<p>Wir sind bem\u00fcht, Ihre personenbezogenen Daten durch Ergreifung aller technischen und organisatorischen M\u00f6glichkeiten so zu speichern, dass sie f\u00fcr Dritte nicht zug\u00e4nglich sind. Bei der Kommunikation per E Mail kann die vollst\u00e4ndige Datensicherheit von uns nicht gew\u00e4hrleistet werden, so dass wir Ihnen bei vertraulichen Informationen den Postweg empfehlen.[\/vc_column_text][\/vc_column][\/vc_row]<\/p>\n<\/section>","protected":false},"excerpt":{"rendered":"<p>[vc_row][vc_column][vc_column_text] Datenschutz DATENSCHUTZERKL\u00c4RUNG \u00a7 1 Allgemeines Ihre personenbezogenen Daten (z.B. Anrede, Name, Anschrift, E-Mail-Adresse, Telefonnummer) werden von uns nur gem\u00e4\u00df den Bestimmungen des Datenschutzrechts der Europ\u00e4ischen Union (EU) verarbeitet. Die nachfolgenden Vorschriften informieren Sie neben den Verarbeitungszwecken, Empf\u00e4ngern, Rechtsgrundlagen, Speicherfristen auch \u00fcber Ihre Rechte und den Verantwortlichen f\u00fcr Ihre Datenverarbeitung. Diese Datenschutzerkl\u00e4rung bezieht sich nur [&hellip;]<\/p>\n","protected":false},"author":1,"featured_media":0,"parent":0,"menu_order":0,"comment_status":"closed","ping_status":"closed","template":"","meta":[],"_links":{"self":[{"href":"https:\/\/black-ferryman.com\/index.php\/wp-json\/wp\/v2\/pages\/1383"}],"collection":[{"href":"https:\/\/black-ferryman.com\/index.php\/wp-json\/wp\/v2\/pages"}],"about":[{"href":"https:\/\/black-ferryman.com\/index.php\/wp-json\/wp\/v2\/types\/page"}],"author":[{"embeddable":true,"href":"https:\/\/black-ferryman.com\/index.php\/wp-json\/wp\/v2\/users\/1"}],"replies":[{"embeddable":true,"href":"https:\/\/black-ferryman.com\/index.php\/wp-json\/wp\/v2\/comments?post=1383"}],"version-history":[{"count":3,"href":"https:\/\/black-ferryman.com\/index.php\/wp-json\/wp\/v2\/pages\/1383\/revisions"}],"predecessor-version":[{"id":4811,"href":"https:\/\/black-ferryman.com\/index.php\/wp-json\/wp\/v2\/pages\/1383\/revisions\/4811"}],"wp:attachment":[{"href":"https:\/\/black-ferryman.com\/index.php\/wp-json\/wp\/v2\/media?parent=1383"}],"curies":[{"name":"wp","href":"https:\/\/api.w.org\/{rel}","templated":true}]}}