{"id":1377,"date":"2019-03-12T18:35:00","date_gmt":"2019-03-12T17:35:00","guid":{"rendered":"https:\/\/black-ferryman.com\/?page_id=1377"},"modified":"2026-04-22T03:51:19","modified_gmt":"2026-04-22T01:51:19","slug":"impressum","status":"publish","type":"page","link":"https:\/\/black-ferryman.com\/index.php\/impressum\/","title":{"rendered":"impressum"},"content":{"rendered":"<section class=\"wpb-content-wrapper\"><p>[vc_row][vc_column][vc_column_text]<\/p>\n<h3>Impressum<\/h3>\n<p>Anbieterkennzeichnung gem\u00e4\u00df \u00a7\u00a7 6 TDG, 10 MDStV<\/p>\n<p><strong>Herausgeber:<\/strong><br \/>\nRobert Baumann UG<br \/>\nLindenstr. 23<br \/>\n89160 Dornstadt -Tomerdingen<\/p>\n<p><strong>Telefon:<\/strong><\/p>\n<p>0171 \u2013 1476430<\/p>\n<p><strong>Handy:<\/strong><\/p>\n<p>0171 \u2013 1476430<\/p>\n<p><strong>E-Mail:<\/strong><\/p>\n<p><a href=\"mailto:rbaumann@black-ferryman.com\">rbaumann@black-ferryman.com<\/a><\/p>\n<p><strong>Internet:<\/strong><\/p>\n<p><a href=\"https:\/\/www.black-ferryman.com\/\">www.black-ferryman.com<\/a><\/p>\n<p><strong>Inhaber:<\/strong><\/p>\n<p>Robert Baumann<\/p>\n<p><strong>Erlaubnis:<\/strong><\/p>\n<p>Die Robert Baumann UG ist im Rahmen der Anlageberatung und der Anlagevermittlung von Finanzinstrumenten wie insbesondere Investmentfonds, Zertifikaten, Anleihen, Aktien, ETFs sowie Beteiligungen an geschlossenen Fonds als vertraglich gebundener Vermittler (sog. Tied-Agents) im Sinne des Wertpapierinstitutsgesetzes (\u00a7 15 WplG) und \u00a7 3 Abs. 2 Wertpapierhandelsgesetz (WpHG) im Auftrag, im Namen, f\u00fcr Rechnung und unter der Haftung der FINANZINVEST Consulting GmbH, <span class=\"p-street-address\">Messerschmittstra\u00dfe 6a<\/span> in <span class=\"p-postal-code\">89343<\/span> <span class=\"p-locality\">Jettingen-Scheppach<\/span> t\u00e4tig. Die FINANZINVEST Consulting GmbH ist der Bundesanstalt f\u00fcr Finanzdienstleistungen (BaFin) unterstellt.<\/p>\n<p>Die FINANZINVEST Consulting GmbH ist ein von der deutschen Finanzaufsichtsbeh\u00f6rde &#8211; Bundesanstalt f\u00fcr Finanzdienstleistungsaufsicht (BaFin) zugelassenes Finanzdienstleistungsinstitut im Sinne des Wertpapierinstitutsgesetzes (\u00a7 15 WplG) und \u00a7 3 Abs. 2 Wertpapierhandelsgesetz (WpHG) . Robert Baumann UG ist bei der BaFin im gef\u00fchrten \u00f6ffentlichen Register als vertraglich gebundener Vermittler unter www.bafin.de einsehbar.<\/p>\n<p>Soweit auf dieser Internetseite Finanzinstrumente wie zum Beispiel Investmentfonds, Zertifikate, Anleihe, Aktien, ETFs sowie Beteiligungen an geschlossene Fonds angeboten werden, werden Ihnen diese Finanzdienstleistungen angeboten von der:<\/p>\n<p>Die FINANZINVEST Consulting GmbH, <span class=\"p-street-address\">Messerschmittstra\u00dfe 6a<\/span> in <span class=\"p-postal-code\">89343<\/span> <span class=\"p-locality\">Jettingen-Scheppach<\/span>, www.finanzinvest-gmbh.de; Telefon: +<span class=\"p-tel\">49 8225 30773160<\/span>; E-Mail: <span class=\"email u-email\">info@finanzinvestgmbh.de<\/span>; Sitz der Gesellschaft: Deutschland; Handels- und Gesellschaftsregister; Gesch\u00e4ftsf\u00fchrer: Werner Biberacher; Christina H\u00e4u\u00dfler; Handelsregister Memmingen 15533; Ust.-Nr.: DE219319699<\/p>\n<p>Die FINANZINVEST Consulting GmbH ist ein von der deutschen Finanzaufsichtsbeh\u00f6rde &#8211; Bundesanstalt f\u00fcr Finanzdienstleistungsaufsicht (BaFin) zugelassenes Finanzdienstleistungsinstitut. Der Umfang der Erlaubnis erstreckt sich auf die folgenden Finanzdienstleistungen:<\/p>\n<ul>\n<li>Anlagevermittlung gem\u00e4\u00df \u00a7 2 Abs. 2 Satz 1 Nr. 3 WplG<\/li>\n<li>Anlageberatung gem\u00e4\u00df \u00a7 2 Abs. 2 Satz 1 Nr. 4 WplG<\/li>\n<li>Finanzportfolioverwaltung gem\u00e4\u00df \u00a7 2 Abs. 2 Satz 1 Nr. 9 WplG<\/li>\n<li>Abschlussvermittlung (\u00a7 2Abs. 2 Satz 1 Nr. 5 WpIG)<\/li>\n<\/ul>\n<p align=\"LEFT\"><strong>Weitere Erlaubnis nach:<\/strong><\/p>\n<p align=\"LEFT\">\u00a7 34 d Abs. 1 GewO<\/p>\n<p align=\"LEFT\">Eintragung im Vermittlerregister als Makler unter der Registernummer D-ZMYT-Q236F-01<\/p>\n<p align=\"LEFT\"><strong>Zust\u00e4ndige Aufsichtsbeh\u00f6rden:<\/strong><\/p>\n<p align=\"LEFT\">Deutscher Industrie- und Handelskammertag(DIHK) e.V.<\/p>\n<p align=\"LEFT\">Breite Stra\u00dfe 29<\/p>\n<p align=\"LEFT\">10178 Berlin<\/p>\n<p align=\"LEFT\">Tel.: 0-180-600 585-0<\/p>\n<p align=\"LEFT\">(14 Cent\/Min aus dem dt. Festnetz h\u00f6chstens 42 Cent\/Min aus Mobilfunknetzen)<\/p>\n<p align=\"LEFT\">IHK Ulm<\/p>\n<p>Olgastra\u00dfe 95-101<\/p>\n<p align=\"LEFT\">89073 Ulm<\/p>\n<p align=\"LEFT\">Tel.: 0731\/173-0<\/p>\n<p align=\"LEFT\">E-Mail: info@ulm.ihk.de<\/p>\n<p>http:\/\/www.ulm.ihk24.de<\/p>\n<p align=\"LEFT\">Gemeinde Dornstadt<\/p>\n<p align=\"LEFT\">Kirchplatz 2<\/p>\n<p align=\"LEFT\">89160 Dornstadt<\/p>\n<p align=\"LEFT\">Tel.: 07348\/9867-0<\/p>\n<p align=\"LEFT\"><strong>Zust\u00e4ndige Erlaubnisbeh\u00f6rde:<\/strong><\/p>\n<p>Bundesanstalt f\u00fcr Finanzdienstleistungsaufsicht (BaFin); Graurheindorfer Str. 108; 53117 Bonn; oder Marie-Curie-Str. 24-28; 60439 Frankfurt am Main; Telefon: 0228 \/ 4108 \u2013 0; Fax: 0228 \/ 4108 \u2013 1550; E-Mail: poststelle@bafin.de; Verbrauchertelefon Mo.-Fr. 8-18 Uhr; Tel. 01805\/122346 (14 Cent\/Min aus dem dt. Festnetz, h\u00f6chstens 42 Cent\/Min aus Mobilfunknetzen)<\/p>\n<p>Folgende Dienstleistungen bietet Ihnen die Robert Baumann UG ausschlie\u00dflich als vertraglich gebundener Vermittler gem\u00e4\u00df \u00a7 2 Abs. 10 KWG im Auftrag, im Namen, f\u00fcr Rechnung und unter der Haftung der FINANZINVEST Consulting GmbH an:<\/p>\n<ul>\n<li>Anlageberatung gem\u00e4\u00df \u00a7 2 Abs. 2 Satz 1 Nr. 4 WplG<\/li>\n<li>Anlagevermittlung gem\u00e4\u00df \u00a7 2 Abs. 2 Satz 1 Nr. 3 WplG<\/li>\n<li>In allen anderen Produktbereichen (zum Beispiel Versicherungen, Bausparvertr\u00e4ge, Finanzplanungen, Unternehmensberatung, etc.) ber\u00e4t Robert Baumann UG ihre Kunden auf eigenen Namen und eigene Rechnung.<\/li>\n<\/ul>\n<p>Der vertraglich gebundener Vermittler der FINANZINVEST Consulting GmbH ist in das \u00f6ffentliche Register eingetragen, das von der BaFin im Internet gef\u00fchrt wird. Das Register k\u00f6nnen Sie einsehen auf www.bafin.de.<\/p>\n<p><strong>Beschwerdestellen:<\/strong><\/p>\n<p>Versicherungsombudsmann e.V.<br \/>\nProf. Dr. G\u00fcnter Hirsch<br \/>\nPostfach 08 06 32<br \/>\n10006 Berlin<br \/>\nTel.: 0800-369 60 00 (kostenfrei aus deutschen Netzen)<br \/>\nFax: 0800-369 90 00 (kostenfrei aus deutschen Netzen)<br \/>\nEmail: beschwerde@versicherungsombudsmann.de<br \/>\n(42 Cent\/Min aus dem deutschen Mobilfunknetzen)<\/p>\n<p>Ombudsmann private Kranken- u. Pflegeversicherung<br \/>\nHeinz Lanfermann<br \/>\nPostfach 06 02 22<br \/>\n10052 Berlin<br \/>\nTel.: 0800 \u2013 2 55 04 44 (kostenfrei aus deutschen Netzen)<br \/>\nFax: 030 \u2013 20 45 89 31<br \/>\nN\u00e4heres unter:\u00a0<a href=\"http:\/\/www.pkv-ombudsmann.de\/\" target=\"_blank\" rel=\"noopener\">http:\/\/www.pkv-ombudsmann.de<\/a><br \/>\n(6 Cent\/Min aus dem dt. Festnetz, h\u00f6chstens 42 Cent\/Min aus dt. Mobilfunknetzen)<\/p>\n<p>Bundesanstalt f\u00fcr Finanzdienstleistungsaufsicht (BaFin)<br \/>\nGrauerheindorfer Strasse 108<br \/>\n53117 Bonn<br \/>\nTel.: 0228-4108-0<br \/>\nFax: 0228-4108-1550<br \/>\nVerbrauchertelefon Mo.-Fr. 8-18 Uhr<br \/>\nTel. 01805\/122346<br \/>\n(14 Cent\/Min aus dem dt. Festnetz, h\u00f6chstens 42 Cent\/Min aus Mobilfunknetzen)<\/p>\n<p><strong>Realisierung, Gestaltung &amp; Programmierung:<\/strong><\/p>\n<p>brandtec GmbH<br \/>\nBelvedere 1<br \/>\n54296 Trier<br \/>\nTel.:\u00a0+49 (0)651 46057 -12<\/p>\n<p><strong>Erstellt:<\/strong><\/p>\n<p>01.08.2010<\/p>\n<p><strong>Letzte \u00c4nderung:<\/strong><\/p>\n<p>01.04.2025<\/p>\n<p><strong>Warenzeichen:<\/strong><br \/>\nAlle erw\u00e4hnten Markenrechte oder benutzten Markenzeichen stehen dem jeweiligen Rechtsinhaber zu.<\/p>\n<p><strong>Urheberrecht\/Copyright:\u00a0<\/strong><br \/>\nAlle Rechte vorbehalten, soweit nicht Rechte Dritter gesetzlich und vertraglich ber\u00fchrt sind. Texte, Bilder, Grafiken, Gestaltung \/ Layout \/ Anordnung unterliegen (ebenso wie Schriftz\u00fcge und Logos) dem Schutz des Urheberrechtes und aller anderen Schutzgesetze.<\/p>\n<p>Der Inhalt dieser Homepage darf nicht kopiert, verbreitet, ver\u00e4ndert, eingesetzt (z.B. Pr\u00e4sentationen), in Datenbest\u00e4nden abgespeichert oder Dritten zug\u00e4nglich gemacht oder vertrieben werden.<\/p>\n<p><strong>Haftungsausschluss und Allgemeine Richtlinien:<\/strong><\/p>\n<p>Alle Informationen auf diesen Webseiten wurden sorgf\u00e4ltig gepr\u00fcft und werden laufend aktualisiert. Eine Garantie f\u00fcr die Vollst\u00e4ndigkeit, Richtigkeit kann jedoch nicht \u00fcbernommen werden. Wir \u00fcbernehmen keine Gew\u00e4hrleistung und keine Haftung im Zusammenhang mit jeglicher Nutzung dieser Publikation.<\/p>\n<p>Irrt\u00fcmer, Programmier- und Rechtschreibfehler vorbehalten.<\/p>\n<p>Beim Besuch unserer Web-Site werden nur die Daten \u00fcber Sie erhoben, verarbeitet und genutzt, die wir ben\u00f6tigen, um Ihnen unsere Unternehmensgruppe, unsere Produkte, Dienstleistungen und unsere Partner in optimaler Form zu pr\u00e4sentieren. Nach Verlassen unserer Web-Site werden diese Daten (IP \u2013 Adresse, besuchte Seiten, verwendete Links, Spracheinstellung, Informationen zum eingesetzten Browser, vorher und nachher besuchte Web-Site, Datum, Uhrzeit und Dauer Ihres Besuch auf unserer Web-Site, \u2026) nur dazu verwendet, um unsere Web-Site dementsprechend weiterzuentwickeln und an Ihre Bed\u00fcrfnisse anzupassen. Hierzu werden diese Informationen statistisch ausgewertet. Eine personenbezogene Auswertung wird nicht vorgenommen.<\/p>\n<p>Auf einzelnen Seiten unserer Web-Site werden Sie direkt um die Eingabe personenbezogener Daten gebeten. Ohne Angabe dieser Daten sind die dort angebotenen Dienste nicht realisierbar. Im Einzelfall wird auch ein Cookie auf dem von Ihnen verwendeten Computersystem abgelegt, soweit dies Ihre Browser-Einstellung zul\u00e4sst.<\/p>\n<p>Die Informationen in den Dokumenten dieser Web-Applikation k\u00f6nnen jederzeit ohne gesonderte Ank\u00fcndigung ver\u00e4ndert werden.<\/p>\n<p><strong>Rechtlicher Hinweis:<\/strong><\/p>\n<p>Mit Urteil vom 12. Mai 1998 (312 O 85\/98) hat das Landgericht Hamburg entschieden, da\u00df man durch das Setzen eines Links die Inhalte der gelinkten Seite mit zu verantworten hat. Dies kann nur dadurch verhindert werden, da\u00df man sich ausdr\u00fccklich von diesen Inhalten distanziert.<\/p>\n<p>F\u00fcr alle Links und Verweise, die von dieser Homepage aus zu anderen Seiten im Internet f\u00fchren, gilt:<br \/>\nWir m\u00f6chten ausdr\u00fccklich betonen, da\u00df wir keinerlei Einflu\u00df auf die Gestaltung und die Inhalte der gelinkten Seiten haben. Deshalb distanzieren wir uns hiermit ausdr\u00fccklich von allen Inhalten aller gelinkten Seiten auf dieser Homepage und machen uns diese Inhalte nicht zu Eigen. Diese Erkl\u00e4rung gilt f\u00fcr alle auf dieser Homepage ver\u00f6ffentlichten Links.<\/p>\n<div id=\"malwarebytes-root\"><\/div>\n<p>[\/vc_column_text][\/vc_column][\/vc_row]<\/p>\n<\/section>","protected":false},"excerpt":{"rendered":"<p>[vc_row][vc_column][vc_column_text] Impressum Anbieterkennzeichnung gem\u00e4\u00df \u00a7\u00a7 6 TDG, 10 MDStV Herausgeber: Robert Baumann UG Lindenstr. 23 89160 Dornstadt -Tomerdingen Telefon: 0171 \u2013 1476430 Handy: 0171 \u2013 1476430 E-Mail: rbaumann@black-ferryman.com Internet: www.black-ferryman.com Inhaber: Robert Baumann Erlaubnis: Die Robert Baumann UG ist im Rahmen der Anlageberatung und der Anlagevermittlung von Finanzinstrumenten wie insbesondere Investmentfonds, Zertifikaten, Anleihen, Aktien, ETFs [&hellip;]<\/p>\n","protected":false},"author":1,"featured_media":0,"parent":0,"menu_order":0,"comment_status":"closed","ping_status":"closed","template":"","meta":[],"_links":{"self":[{"href":"https:\/\/black-ferryman.com\/index.php\/wp-json\/wp\/v2\/pages\/1377"}],"collection":[{"href":"https:\/\/black-ferryman.com\/index.php\/wp-json\/wp\/v2\/pages"}],"about":[{"href":"https:\/\/black-ferryman.com\/index.php\/wp-json\/wp\/v2\/types\/page"}],"author":[{"embeddable":true,"href":"https:\/\/black-ferryman.com\/index.php\/wp-json\/wp\/v2\/users\/1"}],"replies":[{"embeddable":true,"href":"https:\/\/black-ferryman.com\/index.php\/wp-json\/wp\/v2\/comments?post=1377"}],"version-history":[{"count":17,"href":"https:\/\/black-ferryman.com\/index.php\/wp-json\/wp\/v2\/pages\/1377\/revisions"}],"predecessor-version":[{"id":5013,"href":"https:\/\/black-ferryman.com\/index.php\/wp-json\/wp\/v2\/pages\/1377\/revisions\/5013"}],"wp:attachment":[{"href":"https:\/\/black-ferryman.com\/index.php\/wp-json\/wp\/v2\/media?parent=1377"}],"curies":[{"name":"wp","href":"https:\/\/api.w.org\/{rel}","templated":true}]}}