{"id":1312,"date":"2019-02-13T18:13:11","date_gmt":"2019-02-13T17:13:11","guid":{"rendered":"https:\/\/black-ferryman.com\/?page_id=1312"},"modified":"2026-03-02T01:38:09","modified_gmt":"2026-03-02T00:38:09","slug":"fond-news","status":"publish","type":"page","link":"https:\/\/black-ferryman.com\/index.php\/fond-news\/","title":{"rendered":"Newsletter"},"content":{"rendered":"<section class=\"wpb-content-wrapper\"><p>[vc_row][vc_column][vc_column_text]<\/p>\n<p style=\"text-align: center;\"><script>(function() {\n\twindow.mc4wp = window.mc4wp || {\n\t\tlisteners: [],\n\t\tforms: {\n\t\t\ton: function(evt, cb) {\n\t\t\t\twindow.mc4wp.listeners.push(\n\t\t\t\t\t{\n\t\t\t\t\t\tevent   : evt,\n\t\t\t\t\t\tcallback: cb\n\t\t\t\t\t}\n\t\t\t\t);\n\t\t\t}\n\t\t}\n\t}\n})();\n<\/script><!-- Mailchimp for WordPress v4.8.12 - https:\/\/wordpress.org\/plugins\/mailchimp-for-wp\/ --><form id=\"mc4wp-form-1\" class=\"mc4wp-form mc4wp-form-1577 mc4wp-form-theme mc4wp-form-theme-red\" method=\"post\" data-id=\"1577\" data-name=\"Newsletter\" ><div class=\"mc4wp-form-fields\"><center>\r\n  <div class=\"row\">\r\n    <p style=\"width:40%;float: left;\">\r\n\t<label>Vorname: <\/label>\r\n    \r\n\t<input type=\"text\" name=\"VORNAME\" placeholder=\"Ihr Vorname\" required \/>\r\n\r\n    <\/p>\r\n    <p style=\"width:40%;float: right;\">\r\n\t<label>Nachname: <\/label>\r\n\t<input type=\"text\" name=\"NACHNAME\" placeholder=\"Ihr Nachname\" required \/>\r\n\r\n    <\/p>\r\n  <\/div>\r\n  <p>\r\n\t<label>E-Mail Adresse: <\/label>\r\n\t<input type=\"email\" name=\"EMAIL\" placeholder=\"Ihre Emailadresse\" required \/>\r\n<\/p>\r\n\r\n<p>\r\n\t<input type=\"submit\" value=\"Registrieren\" \/>\r\n<\/p>\r\n  <\/center><\/div><label style=\"display: none !important;\">Leave this field empty if you're human: <input type=\"text\" name=\"_mc4wp_honeypot\" value=\"\" tabindex=\"-1\" autocomplete=\"off\" \/><\/label><input type=\"hidden\" name=\"_mc4wp_timestamp\" value=\"1777040947\" \/><input type=\"hidden\" name=\"_mc4wp_form_id\" value=\"1577\" \/><input type=\"hidden\" name=\"_mc4wp_form_element_id\" value=\"mc4wp-form-1\" \/><div class=\"mc4wp-response\"><\/div><\/form><!-- \/ Mailchimp for WordPress Plugin --><\/p>\n<p>[\/vc_column_text][vc_column_text]<\/p>\n<h3><strong style=\"color: #ff0000;\">Newsletter<\/strong><\/h3>\n<p style=\"text-align: justify;\">Liebe Leserinnen und Leser,<\/p>\n<p>f\u00fcr einen kleinen \u00dcberblick sowie f\u00fcr die Transparenz des Black Ferryman \u2013 World Basic Fund, finden Sie hier die aktuellen Fondsaktionen\/-informationen \u201cintern\u201d als PDF zum Downloaden:<\/p>\n<div id=\"malwarebytes-root\"><span style=\"color: #ff0000;\">&gt; <a style=\"color: #ff0000;\" href=\"https:\/\/black-ferryman.com\/wp-content\/uploads\/2026\/03\/Fonds-Newsletter-vom-23.02.2026.pdf\">Fonds-Newsletter vom 23.02.2026<\/a><\/span><\/div>\n<p>[\/vc_column_text][\/vc_column][\/vc_row]<\/p>\n<\/section>","protected":false},"excerpt":{"rendered":"<p>[vc_row][vc_column][vc_column_text] [\/vc_column_text][vc_column_text] Newsletter Liebe Leserinnen und Leser, f\u00fcr einen kleinen \u00dcberblick sowie f\u00fcr die Transparenz des Black Ferryman \u2013 World Basic Fund, finden Sie hier die aktuellen Fondsaktionen\/-informationen \u201cintern\u201d als PDF zum Downloaden: &gt; Fonds-Newsletter vom 23.02.2026 [\/vc_column_text][\/vc_column][\/vc_row]<\/p>\n","protected":false},"author":1,"featured_media":0,"parent":0,"menu_order":0,"comment_status":"closed","ping_status":"closed","template":"","meta":[],"_links":{"self":[{"href":"https:\/\/black-ferryman.com\/index.php\/wp-json\/wp\/v2\/pages\/1312"}],"collection":[{"href":"https:\/\/black-ferryman.com\/index.php\/wp-json\/wp\/v2\/pages"}],"about":[{"href":"https:\/\/black-ferryman.com\/index.php\/wp-json\/wp\/v2\/types\/page"}],"author":[{"embeddable":true,"href":"https:\/\/black-ferryman.com\/index.php\/wp-json\/wp\/v2\/users\/1"}],"replies":[{"embeddable":true,"href":"https:\/\/black-ferryman.com\/index.php\/wp-json\/wp\/v2\/comments?post=1312"}],"version-history":[{"count":79,"href":"https:\/\/black-ferryman.com\/index.php\/wp-json\/wp\/v2\/pages\/1312\/revisions"}],"predecessor-version":[{"id":4967,"href":"https:\/\/black-ferryman.com\/index.php\/wp-json\/wp\/v2\/pages\/1312\/revisions\/4967"}],"wp:attachment":[{"href":"https:\/\/black-ferryman.com\/index.php\/wp-json\/wp\/v2\/media?parent=1312"}],"curies":[{"name":"wp","href":"https:\/\/api.w.org\/{rel}","templated":true}]}}