{"id":1303,"date":"2019-02-13T17:59:34","date_gmt":"2019-02-13T16:59:34","guid":{"rendered":"https:\/\/black-ferryman.com\/?page_id=1303"},"modified":"2021-10-16T20:12:04","modified_gmt":"2021-10-16T18:12:04","slug":"vermogensverwaltung","status":"publish","type":"page","link":"https:\/\/black-ferryman.com\/index.php\/vermogensverwaltung\/","title":{"rendered":"Verm\u00f6gensverwaltung (Vermittlung)"},"content":{"rendered":"<section class=\"wpb-content-wrapper\"><p>[vc_row][vc_column][vc_column_text]<\/p>\n<p style=\"text-align: justify;\">[\/vc_column_text][\/vc_column][\/vc_row][vc_row][vc_column width=&#8221;1\/2&#8243;][vc_column_text]<\/p>\n<h3><span style=\"color: #ff0000;\">Ihre\u00a0L\u00f6sungsm\u00f6glichkeiten &#8211; zukunftsorientiertes Investieren f\u00fcr das kleine oder gro\u00dfe Verm\u00f6gen<\/span><\/h3>\n<p>&nbsp;<\/p>\n<p style=\"text-align: justify;\">Liebe zuk\u00fcnftige Investorinnen und Investoren,<\/p>\n<p style=\"text-align: justify;\">Geldanlage ist heutzutage oft schwierig und von verschiedensten Situationen und pers\u00f6nlichen Gegebenheiten beeinflusst. Aktuell befinden wir uns in einer langj\u00e4hrig andauernden Niedrigzinsphase, sowie einer Staatsschulden-\/ Banken-\/ und Eurokrise. Deshalb ist es aktuell noch wichtiger denn je, sein Verm\u00f6gen vor schleichender Inflation und sonstigen Verlusten (Staatspleiten, Schuldenschnitte, Reformen) zu sch\u00fctzen.<\/p>\n<p style=\"text-align: justify;\">Aus meiner \u00fcber\u00a020 j\u00e4hriger Erfahrung als Fondsberater m\u00f6chte ich Ihnen aufzeigen, welche M\u00f6glichkeiten Sie trotz der niedrigen Kapitalmarktzinsen haben. Angepasst an Ihre pers\u00f6nliche Situation wird nach einem pers\u00f6nlichen Gespr\u00e4ch die Verm\u00f6gensverwaltung \u00fcberwiegend in Aktien oder f\u00fcr Sie ein flexibles Fondsportfolio zusammengestellt, um Sie bestm\u00f6glich f\u00fcr Ihre finanzielle Zukunft zu wappnen. Lassen Sie uns gemeinsam eine pers\u00f6nliche zielorientierte Offerte erstellen.<\/p>\n<p style=\"text-align: justify;\">Ich w\u00fcrde mich freuen, zuk\u00fcnftig mit Ihnen gemeinsam zusammen zu arbeiten und stehe Ihnen f\u00fcr detaillierte Informationen telefonisch oder f\u00fcr ein pers\u00f6nliches Gespr\u00e4ch gerne zur Verf\u00fcgung.<\/p>\n<p>[\/vc_column_text][\/vc_column][vc_column width=&#8221;1\/2&#8243;][vc_empty_space height=&#8221;100px&#8221;][vc_single_image image=&#8221;1582&#8243; img_size=&#8221;full&#8221; css_animation=&#8221;fadeInUpBig&#8221;][vc_empty_space height=&#8221;50px&#8221;][vc_single_image image=&#8221;1557&#8243; img_size=&#8221;full&#8221; css_animation=&#8221;fadeInUpBig&#8221;][\/vc_column][\/vc_row][vc_row][vc_column][vc_column_text]<\/p>\n<p>[\/vc_column_text][\/vc_column][\/vc_row]<\/p>\n<\/section>","protected":false},"excerpt":{"rendered":"<p>[vc_row][vc_column][vc_column_text] [\/vc_column_text][\/vc_column][\/vc_row][vc_row][vc_column width=&#8221;1\/2&#8243;][vc_column_text] Ihre\u00a0L\u00f6sungsm\u00f6glichkeiten &#8211; zukunftsorientiertes Investieren f\u00fcr das kleine oder gro\u00dfe Verm\u00f6gen &nbsp; Liebe zuk\u00fcnftige Investorinnen und Investoren, Geldanlage ist heutzutage oft schwierig und von verschiedensten Situationen und pers\u00f6nlichen Gegebenheiten beeinflusst. Aktuell befinden wir uns in einer langj\u00e4hrig andauernden Niedrigzinsphase, sowie einer Staatsschulden-\/ Banken-\/ und Eurokrise. Deshalb ist es aktuell noch wichtiger denn je, [&hellip;]<\/p>\n","protected":false},"author":1,"featured_media":0,"parent":0,"menu_order":0,"comment_status":"closed","ping_status":"closed","template":"","meta":[],"_links":{"self":[{"href":"https:\/\/black-ferryman.com\/index.php\/wp-json\/wp\/v2\/pages\/1303"}],"collection":[{"href":"https:\/\/black-ferryman.com\/index.php\/wp-json\/wp\/v2\/pages"}],"about":[{"href":"https:\/\/black-ferryman.com\/index.php\/wp-json\/wp\/v2\/types\/page"}],"author":[{"embeddable":true,"href":"https:\/\/black-ferryman.com\/index.php\/wp-json\/wp\/v2\/users\/1"}],"replies":[{"embeddable":true,"href":"https:\/\/black-ferryman.com\/index.php\/wp-json\/wp\/v2\/comments?post=1303"}],"version-history":[{"count":24,"href":"https:\/\/black-ferryman.com\/index.php\/wp-json\/wp\/v2\/pages\/1303\/revisions"}],"predecessor-version":[{"id":3882,"href":"https:\/\/black-ferryman.com\/index.php\/wp-json\/wp\/v2\/pages\/1303\/revisions\/3882"}],"wp:attachment":[{"href":"https:\/\/black-ferryman.com\/index.php\/wp-json\/wp\/v2\/media?parent=1303"}],"curies":[{"name":"wp","href":"https:\/\/api.w.org\/{rel}","templated":true}]}}