{"id":1299,"date":"2019-02-13T17:55:46","date_gmt":"2019-02-13T16:55:46","guid":{"rendered":"https:\/\/black-ferryman.com\/?page_id=1299"},"modified":"2026-04-22T03:05:49","modified_gmt":"2026-04-22T01:05:49","slug":"blackferryman-strong-brands-b","status":"publish","type":"page","link":"https:\/\/black-ferryman.com\/index.php\/blackferryman-strong-brands-b\/","title":{"rendered":"Black Ferryman &#8211; Strong Brands B"},"content":{"rendered":"<section class=\"wpb-content-wrapper\"><p>[vc_row][vc_column][vc_raw_html]JTNDY2VudGVyJTNFJTBBQmxhY2slMjBGZXJyeW1hbiUyMC0lMjAlM0NiciUzRSUyMFN0cm9uZyUyMEJyYW5kcyUyMEIlM0NkaXYlMjBjbGFzcyUzRCUyMmJmbWYlMjIlM0UlM0Nmb250JTIwY29sb3IlM0QlMjJ3aGl0ZSUyMiUzRSUzQ2ZvbnQlMjBjb2xvciUzRCUyMndoaXRlJTIyJTNFJTNDZm9udCUyMGNvbG9yJTNEJTIyJTIzNjY2JTIyJTNFJTNDZGl2JTIwY2xhc3MlM0QlMjJiZm1mX3RpdGxlJTIyJTNFJTNDJTJGYSUzRSUzQyUyRmRpdiUzRSUzQ2hyJTNFJTNDZGl2JTIwYWxpZ24lM0QlMjJjZW50ZXIlMjIlMjBjbGFzcyUzRCUyMmJmbWZfaWNvbiUyMiUzRSUwQSUyMCUyMCUyMCUyMCUyMCUyMCUyMCUyMCUyMCUyMCUyMCUyMCUyMCUyMCUyMCUyMCUyMCUyMCUyMCUyMCUyMCUyMCUyMCUyMCUyMCUyMCUyMCUyMCUyMCUyMCUyMCUyMCUyMCUyMCUyMCUyMCUyMCUyMCUyMCUyMCUyMCUyMCUyMCUyMCUzQ2ltZyUyMGNsYXNzJTNEJTIyaW1nLWljb24lMjIlMjBzcmMlM0QlMjJodHRwcyUzQSUyRiUyRmJsYWNrLWZlcnJ5bWFuLmNvbSUyRndwLWNvbnRlbnQlMkZ1cGxvYWRzJTJGMjAxOSUyRjA0JTJGdXAucG5nJTIyJTNFJTNDJTJGZGl2JTNFJTNDZGl2JTIwYWxpZ24lM0QlMjJjZW50ZXIlMjIlM0UlMEElMDklMDklMDklMDklMDklMDklMDklMDklMDklMDklMDklM0Nmb250JTIwc3R5bGUlM0QlMjJmb250LXNpemUlM0EyNHB4JTNCJTIwZm9udC13ZWlnaHQlM0ElMjA1MDAlM0IlMjIlM0UxMDMuODglMjBFVVIlM0NiciUzRSUyMCUwQSUyMCUyMCUyMCUyMCUyMCUyMCUyMCUyMCUyMCUyMCUyMCUyMCUyMCUyMCUyMCUyMCUyMCUyMCUyMCUyMCUyMCUyMCUyMCUyMCUyMCUyMCUyMCUyMCUyMCUyMCUyMCUyMCUyMCUyMCUyMCUyMCUyMCUyMCUyMCUyMCUyMCUyMCUyMCUyMCUzQyUyRmZvbnQlM0UlMEElMjAlMjAlMjAlMjAlMjAlMjAlMjAlMjAlMjAlMjAlMjAlMjAlMjAlMjAlMjAlMjAlMjAlMjAlMjAlMjAlMjAlMjAlMjAlMjAlMjAlMjAlMjAlMjAlMjAlMjAlMjAlMjAlMjAlMjAlMjAlMjAlMjAlMjAlMjAlMjAlMjAlMjAlMjAlMjAlM0Nmb250JTIwc3R5bGUlM0QlMjJmb250LXNpemUlM0ExNHB4JTNCJTIwZm9udC13ZWlnaHQlM0ElMjA1MDAlM0IlMjIlM0UlMEElMjAlMjAlMjAlMjAlMjAlMjAlMjAlMjAlMjAlMjAlMjAlMjAlMjAlMjAlMjAlMjAlMjAlMjAlMjAlMjAlMjAlMjAlMjAlMjAlMjAlMjAlMjAlMjAlMjAlMjAlMjAlMjAlMjAlMjAlMjAlMjAlMjAlMjAlMjAlMjAlMjAlMjAlMjAlMjAlMkIwLjI0JTBBJTIwJTIwJTIwJTIwJTIwJTIwJTIwJTIwJTIwJTIwJTIwJTIwJTIwJTIwJTIwJTIwJTIwJTIwJTIwJTIwJTIwJTIwJTIwJTIwJTIwJTIwJTIwJTIwJTIwJTIwJTIwJTIwJTIwJTIwJTIwJTIwJTIwJTIwJTIwJTIwJTIwJTIwJTIwJTIwJTBBJTIwJTIwJTIwJTIwJTIwJTIwJTIwJTIwJTIwJTIwJTIwJTIwJTIwJTIwJTIwJTIwJTIwJTIwJTIwJTIwJTIwJTIwJTIwJTIwJTIwJTIwJTIwJTIwJTIwJTIwJTIwJTIwJTIwJTIwJTIwJTIwJTIwJTIwJTIwJTIwJTIwJTIwJTIwJTIwJTI1JTNDJTJGZm9udCUzRSUzQ2JyJTNFJTBBJTIwJTIwJTIwJTIwJTIwJTIwJTIwJTIwJTIwJTIwJTIwJTIwJTIwJTIwJTIwJTIwJTIwJTIwJTIwJTIwJTIwJTIwJTIwJTIwJTIwJTIwJTIwJTIwJTIwJTIwJTIwJTIwJTIwJTIwJTIwJTIwJTIwJTIwJTIwJTIwJTIwJTIwJTIwJTIwJTA5JTA5JTA5JTA5JTA5JTA5JTA5JTA5JTA5JTA5JTA5JTBBJTA5JTA5JTA5JTA5JTA5JTA5JTA5JTA5JTA5JTA5JTA5JTBBJTA5JTA5JTA5JTA5JTA5JTA5JTA5JTA5JTA5JTA5JTI2bmJzcCUzQiUzQ2ZvbnQlMjBzdHlsZSUzRCUyMm1hcmdpbi1sZWZ0JTNBJTIwMHB4JTNCJTIwZm9udC1zaXplJTNBMTRweCUzQiUyMGZvbnQtd2VpZ2h0JTNBJTIwNTAwJTNCJTIyJTNFJTI2bmJzcCUzQlIlQzMlQkNja25haG1lcHJlaXMlMjAyMC4wNC4yMDI2JTNDJTJGZm9udCUzRSUzQyUyRmRpdiUzRSUzQ3RhYmxlJTIwd2lkdGglM0QlMjIyNTAlMjIlMjBjZWxsc3BhY2luZyUzRCUyMjAlMjIlMjBjZWxscGFkZGluZyUzRCUyMjAlMjIlMjBib3JkZXIlM0QlMjIwJTIyJTNFJTBBJTA5JTA5JTA5JTA5JTA5JTA5JTBBJTA5JTA5JTA5JTA5JTA5JTA5JTA5JTA5JTA5JTA5JTA5JTA5JTA5JTA5JTA5JTA5JTA5JTA5JTA5JTA5JTA5JTBBJTA5JTA5JTA5JTA5JTA5JTA5JTA5JTA5JTA5JTBBJTA5JTA5JTA5JTA5JTA5JTA5JTA5JTA5JTBBJTA5JTA5JTA5JTA5JTA5JTA5JTA5JTA5JTA5JTA5JTBBJTA5JTA5JTA5JTA5JTA5JTA5JTA5JTA5JTA5JTBBJTNDJTJGdGFibGUlM0UlM0MlMkZmb250JTNFJTNDJTJGZm9udCUzRSUzQyUyRmZvbnQlM0UlM0MlMkZkaXYlM0UlM0MlMkZjZW50ZXIlM0U=[\/vc_raw_html][vc_tta_tabs][vc_tta_section title=&#8221;Stammdaten&#8221; tab_id=&#8221;1555190485382-b9f31dea-4cc9&#8243;][vc_column_text]<\/p>\n<h5>Black Ferryman \u2013 Strong Brands B<\/h5>\n<table id=\"tablepress-10\" class=\"tablepress tablepress-id-10 tabelle\">\n<tbody>\n<tr class=\"row-1\">\n<td class=\"column-1\">ISIN:<\/td>\n<td class=\"column-2\">LU2773779934<\/td>\n<\/tr>\n<tr class=\"row-2\">\n<td class=\"column-1\">WKN:<\/td>\n<td class=\"column-2\">A404SF<\/td>\n<\/tr>\n<tr class=\"row-3\">\n<td class=\"column-1\">Fondskategorie:<\/td>\n<td class=\"column-2\">Aktienfonds<\/td>\n<\/tr>\n<tr class=\"row-4\">\n<td class=\"column-1\">Ertragsverwendung:<\/td>\n<td class=\"column-2\">aussch\u00fcttend<\/td>\n<\/tr>\n<tr class=\"row-5\">\n<td class=\"column-1\">SRI:<\/td>\n<td class=\"column-2\">4<\/td>\n<\/tr>\n<tr class=\"row-6\">\n<td class=\"column-1\">Erstausgabepreis:<\/td>\n<td class=\"column-2\">100,00 EUR am 01.04.2025<\/td>\n<\/tr>\n<tr class=\"row-7\">\n<td class=\"column-1\">Ausgabeaufschlag:<\/td>\n<td class=\"column-2\">bis zu 5,26 %<\/td>\n<\/tr>\n<tr class=\"row-8\">\n<td class=\"column-1\">R\u00fccknahmeabschlag:<\/td>\n<td class=\"column-2\">keiner<\/td>\n<\/tr>\n<tr class=\"row-9\">\n<td class=\"column-1\">Mindestersteinlage:<\/td>\n<td class=\"column-2\">25,00 EUR<\/td>\n<\/tr>\n<tr class=\"row-10\">\n<td class=\"column-1\">Sparplan:<\/td>\n<td class=\"column-2\">ja<\/td>\n<\/tr>\n<tr class=\"row-11\">\n<td class=\"column-1\">Mindestbetrag Sparplan:<\/td>\n<td class=\"column-2\">25,00 EUR monatlich<\/td>\n<\/tr>\n<tr class=\"row-12\">\n<td class=\"column-1\">Frequenz der Preisberechnung:<\/td>\n<td class=\"column-2\">b\u00f6rsent\u00e4glich<\/td>\n<\/tr>\n<tr class=\"row-13\">\n<td class=\"column-1\">Gesch\u00e4ftsjahresende:<\/td>\n<td class=\"column-2\">31.12.<\/td>\n<\/tr>\n<tr class=\"row-14\">\n<td class=\"column-1\">Orderannahmeschluss:<\/td>\n<td class=\"column-2\">16:30 Uhr<\/td>\n<\/tr>\n<tr class=\"row-15\">\n<td class=\"column-1\">Settlement bei Kauf:<\/td>\n<td class=\"column-2\">T + 3 bzw. T + 2<\/td>\n<\/tr>\n<tr class=\"row-16\">\n<td class=\"column-1\">Settlement bei Verkauf:<\/td>\n<td class=\"column-2\">T + 3<\/td>\n<\/tr>\n<tr class=\"row-17\">\n<td class=\"column-1\">Verwaltungsgeb\u00fchr:<\/td>\n<td class=\"column-2\">bis zu 1,50 %<\/td>\n<\/tr>\n<tr class=\"row-18\">\n<td class=\"column-1\">Performance Fee:<\/td>\n<td class=\"column-2\">Bis zu 20 % des Anstiegs des Anteilwertes\u00a0(High Water Mark)<\/td>\n<\/tr>\n<tr class=\"row-19\">\n<td class=\"column-1\">Verwahrstelle:<\/td>\n<td class=\"column-2\">VP Bank Luxembourg S.A.<\/td>\n<\/tr>\n<tr class=\"row-20\">\n<td class=\"column-1\">Verwaltungsgesellschaft:<\/td>\n<td class=\"column-2\">1741 Group Fund Management AG, Zweigniederlassung Luxemburg<\/td>\n<\/tr>\n<tr class=\"row-21\">\n<td class=\"column-1\">Investmentmanager:<\/td>\n<td class=\"column-2\"><span dir=\"ltr\" role=\"presentation\">Dr. Thilenius Management GmbH<\/span><\/td>\n<\/tr>\n<\/tbody>\n<\/table>\n<p>[\/vc_column_text][\/vc_tta_section][vc_tta_section title=&#8221;Dokumente&#8221; tab_id=&#8221;1555190540228-b62f3e02-daf5&#8243;][vc_column_text]<\/p>\n<table class=\"fsl-widget-table document-table itemlist table-first-part document-table-1-1 \" style=\"height: 117px;\" width=\"429\" cellspacing=\"2\" data-fsl-pwk-widget-id=\"\">\n<tbody>\n<tr>\n<td style=\"width: 740px;\">Reporting<\/td>\n<td>Datum<\/td>\n<td class=\"fsl-download-doc fsl-download-fs\" data-locale=\"de_LU\">DE<\/td>\n<\/tr>\n<tr>\n<td style=\"width: 740px;\">Halbjahresbericht<\/td>\n<td>30.06.2025<\/td>\n<td class=\"fsl-download-fs\" data-locale=\"de_LU\"><a href=\"https:\/\/vpfs.vpfundsolutions.vpbank.com\/docrepository\/hjb\/LU0607298758\/de_LU\"><img decoding=\"async\" loading=\"lazy\" class=\"alignnone size-full wp-image-1494\" src=\"https:\/\/black-ferryman.com\/wp-content\/uploads\/2019\/04\/pdf_ico1.png\" alt=\"\" width=\"30\" height=\"30\" \/><\/a><\/td>\n<\/tr>\n<tr>\n<td style=\"width: 740px;\">Jahresbericht<\/td>\n<td>31.12.2024<\/td>\n<td class=\"fsl-download-fs\" data-locale=\"de_LU\"><a href=\"https:\/\/vpfs.vpfundsolutions.vpbank.com\/docrepository\/jb\/LU0607298758\/de_LU\"><img decoding=\"async\" loading=\"lazy\" class=\"alignnone size-full wp-image-1494\" src=\"https:\/\/black-ferryman.com\/wp-content\/uploads\/2019\/04\/pdf_ico1.png\" alt=\"\" width=\"30\" height=\"30\" \/><\/a><\/td>\n<\/tr>\n<\/tbody>\n<\/table>\n<table class=\"fsl-widget-table document-table itemlist table-first-part document-table-2-1 \" cellspacing=\"2\" data-fsl-pwk-widget-id=\"\">\n<thead><\/thead>\n<tbody>\n<tr>\n<td>Rechtliche Dokumente<\/td>\n<td>Datum<\/td>\n<td class=\"fsl-download-doc fsl-download-fs\" data-locale=\"de_LU\">DE<\/td>\n<\/tr>\n<tr>\n<td>Basisinformationsblatt (PRIIP)<\/td>\n<td>19.05.2025<\/td>\n<td class=\"fsl-download-fs\" data-locale=\"de_LU\"><a href=\"https:\/\/vpfs.vpfundsolutions.vpbank.com\/docrepository\/kiid\/LU0607298758\/de_LU\"><img decoding=\"async\" loading=\"lazy\" class=\"alignnone size-full wp-image-1494\" src=\"https:\/\/black-ferryman.com\/wp-content\/uploads\/2019\/04\/pdf_ico1.png\" alt=\"\" width=\"30\" height=\"30\" \/><\/a><\/td>\n<\/tr>\n<tr>\n<td>Verkaufsprospekt<\/td>\n<td>01.01.2025<\/td>\n<td class=\"fsl-download-fs\" data-locale=\"de_LU\"><a href=\"https:\/\/vpfs.vpfundsolutions.vpbank.com\/docrepository\/vkp\/LU0607298758\/de_LU\"><img decoding=\"async\" loading=\"lazy\" class=\"alignnone size-full wp-image-1494\" src=\"https:\/\/black-ferryman.com\/wp-content\/uploads\/2019\/04\/pdf_ico1.png\" alt=\"\" width=\"30\" height=\"30\" \/><\/a><\/td>\n<\/tr>\n<\/tbody>\n<\/table>\n<p>[\/vc_column_text][\/vc_tta_section][\/vc_tta_tabs][\/vc_column][\/vc_row]<\/p>\n<\/section>","protected":false},"excerpt":{"rendered":"<p>[vc_row][vc_column][vc_raw_html]JTNDY2VudGVyJTNFJTBBQmxhY2slMjBGZXJyeW1hbiUyMC0lMjAlM0NiciUzRSUyMFN0cm9uZyUyMEJyYW5kcyUyMEIlM0NkaXYlMjBjbGFzcyUzRCUyMmJmbWYlMjIlM0UlM0Nmb250JTIwY29sb3IlM0QlMjJ3aGl0ZSUyMiUzRSUzQ2ZvbnQlMjBjb2xvciUzRCUyMndoaXRlJTIyJTNFJTNDZm9udCUyMGNvbG9yJTNEJTIyJTIzNjY2JTIyJTNFJTNDZGl2JTIwY2xhc3MlM0QlMjJiZm1mX3RpdGxlJTIyJTNFJTNDJTJGYSUzRSUzQyUyRmRpdiUzRSUzQ2hyJTNFJTNDZGl2JTIwYWxpZ24lM0QlMjJjZW50ZXIlMjIlMjBjbGFzcyUzRCUyMmJmbWZfaWNvbiUyMiUzRSUwQSUyMCUyMCUyMCUyMCUyMCUyMCUyMCUyMCUyMCUyMCUyMCUyMCUyMCUyMCUyMCUyMCUyMCUyMCUyMCUyMCUyMCUyMCUyMCUyMCUyMCUyMCUyMCUyMCUyMCUyMCUyMCUyMCUyMCUyMCUyMCUyMCUyMCUyMCUyMCUyMCUyMCUyMCUyMCUyMCUzQ2ltZyUyMGNsYXNzJTNEJTIyaW1nLWljb24lMjIlMjBzcmMlM0QlMjJodHRwcyUzQSUyRiUyRmJsYWNrLWZlcnJ5bWFuLmNvbSUyRndwLWNvbnRlbnQlMkZ1cGxvYWRzJTJGMjAxOSUyRjA0JTJGdXAucG5nJTIyJTNFJTNDJTJGZGl2JTNFJTNDZGl2JTIwYWxpZ24lM0QlMjJjZW50ZXIlMjIlM0UlMEElMDklMDklMDklMDklMDklMDklMDklMDklMDklMDklMDklM0Nmb250JTIwc3R5bGUlM0QlMjJmb250LXNpemUlM0EyNHB4JTNCJTIwZm9udC13ZWlnaHQlM0ElMjA1MDAlM0IlMjIlM0UxMDMuODglMjBFVVIlM0NiciUzRSUyMCUwQSUyMCUyMCUyMCUyMCUyMCUyMCUyMCUyMCUyMCUyMCUyMCUyMCUyMCUyMCUyMCUyMCUyMCUyMCUyMCUyMCUyMCUyMCUyMCUyMCUyMCUyMCUyMCUyMCUyMCUyMCUyMCUyMCUyMCUyMCUyMCUyMCUyMCUyMCUyMCUyMCUyMCUyMCUyMCUyMCUzQyUyRmZvbnQlM0UlMEElMjAlMjAlMjAlMjAlMjAlMjAlMjAlMjAlMjAlMjAlMjAlMjAlMjAlMjAlMjAlMjAlMjAlMjAlMjAlMjAlMjAlMjAlMjAlMjAlMjAlMjAlMjAlMjAlMjAlMjAlMjAlMjAlMjAlMjAlMjAlMjAlMjAlMjAlMjAlMjAlMjAlMjAlMjAlMjAlM0Nmb250JTIwc3R5bGUlM0QlMjJmb250LXNpemUlM0ExNHB4JTNCJTIwZm9udC13ZWlnaHQlM0ElMjA1MDAlM0IlMjIlM0UlMEElMjAlMjAlMjAlMjAlMjAlMjAlMjAlMjAlMjAlMjAlMjAlMjAlMjAlMjAlMjAlMjAlMjAlMjAlMjAlMjAlMjAlMjAlMjAlMjAlMjAlMjAlMjAlMjAlMjAlMjAlMjAlMjAlMjAlMjAlMjAlMjAlMjAlMjAlMjAlMjAlMjAlMjAlMjAlMjAlMkIwLjI0JTBBJTIwJTIwJTIwJTIwJTIwJTIwJTIwJTIwJTIwJTIwJTIwJTIwJTIwJTIwJTIwJTIwJTIwJTIwJTIwJTIwJTIwJTIwJTIwJTIwJTIwJTIwJTIwJTIwJTIwJTIwJTIwJTIwJTIwJTIwJTIwJTIwJTIwJTIwJTIwJTIwJTIwJTIwJTIwJTIwJTBBJTIwJTIwJTIwJTIwJTIwJTIwJTIwJTIwJTIwJTIwJTIwJTIwJTIwJTIwJTIwJTIwJTIwJTIwJTIwJTIwJTIwJTIwJTIwJTIwJTIwJTIwJTIwJTIwJTIwJTIwJTIwJTIwJTIwJTIwJTIwJTIwJTIwJTIwJTIwJTIwJTIwJTIwJTIwJTIwJTI1JTNDJTJGZm9udCUzRSUzQ2JyJTNFJTBBJTIwJTIwJTIwJTIwJTIwJTIwJTIwJTIwJTIwJTIwJTIwJTIwJTIwJTIwJTIwJTIwJTIwJTIwJTIwJTIwJTIwJTIwJTIwJTIwJTIwJTIwJTIwJTIwJTIwJTIwJTIwJTIwJTIwJTIwJTIwJTIwJTIwJTIwJTIwJTIwJTIwJTIwJTIwJTIwJTA5JTA5JTA5JTA5JTA5JTA5JTA5JTA5JTA5JTA5JTA5JTBBJTA5JTA5JTA5JTA5JTA5JTA5JTA5JTA5JTA5JTA5JTA5JTBBJTA5JTA5JTA5JTA5JTA5JTA5JTA5JTA5JTA5JTA5JTI2bmJzcCUzQiUzQ2ZvbnQlMjBzdHlsZSUzRCUyMm1hcmdpbi1sZWZ0JTNBJTIwMHB4JTNCJTIwZm9udC1zaXplJTNBMTRweCUzQiUyMGZvbnQtd2VpZ2h0JTNBJTIwNTAwJTNCJTIyJTNFJTI2bmJzcCUzQlIlQzMlQkNja25haG1lcHJlaXMlMjAyMC4wNC4yMDI2JTNDJTJGZm9udCUzRSUzQyUyRmRpdiUzRSUzQ3RhYmxlJTIwd2lkdGglM0QlMjIyNTAlMjIlMjBjZWxsc3BhY2luZyUzRCUyMjAlMjIlMjBjZWxscGFkZGluZyUzRCUyMjAlMjIlMjBib3JkZXIlM0QlMjIwJTIyJTNFJTBBJTA5JTA5JTA5JTA5JTA5JTA5JTBBJTA5JTA5JTA5JTA5JTA5JTA5JTA5JTA5JTA5JTA5JTA5JTA5JTA5JTA5JTA5JTA5JTA5JTA5JTA5JTA5JTA5JTBBJTA5JTA5JTA5JTA5JTA5JTA5JTA5JTA5JTA5JTBBJTA5JTA5JTA5JTA5JTA5JTA5JTA5JTA5JTBBJTA5JTA5JTA5JTA5JTA5JTA5JTA5JTA5JTA5JTA5JTBBJTA5JTA5JTA5JTA5JTA5JTA5JTA5JTA5JTA5JTBBJTNDJTJGdGFibGUlM0UlM0MlMkZmb250JTNFJTNDJTJGZm9udCUzRSUzQyUyRmZvbnQlM0UlM0MlMkZkaXYlM0UlM0MlMkZjZW50ZXIlM0U=[\/vc_raw_html][vc_tta_tabs][vc_tta_section title=&#8221;Stammdaten&#8221; tab_id=&#8221;1555190485382-b9f31dea-4cc9&#8243;][vc_column_text] Black Ferryman \u2013 Strong Brands B ISIN: LU2773779934 WKN: A404SF Fondskategorie: Aktienfonds Ertragsverwendung: aussch\u00fcttend SRI: 4 Erstausgabepreis: 100,00 EUR am 01.04.2025 Ausgabeaufschlag: bis zu 5,26 % R\u00fccknahmeabschlag: keiner Mindestersteinlage: 25,00 EUR Sparplan: ja Mindestbetrag Sparplan: 25,00 EUR monatlich Frequenz der Preisberechnung: b\u00f6rsent\u00e4glich Gesch\u00e4ftsjahresende: 31.12. Orderannahmeschluss: 16:30 Uhr Settlement bei Kauf: T + [&hellip;]<\/p>\n","protected":false},"author":1,"featured_media":0,"parent":0,"menu_order":0,"comment_status":"closed","ping_status":"closed","template":"","meta":[],"_links":{"self":[{"href":"https:\/\/black-ferryman.com\/index.php\/wp-json\/wp\/v2\/pages\/1299"}],"collection":[{"href":"https:\/\/black-ferryman.com\/index.php\/wp-json\/wp\/v2\/pages"}],"about":[{"href":"https:\/\/black-ferryman.com\/index.php\/wp-json\/wp\/v2\/types\/page"}],"author":[{"embeddable":true,"href":"https:\/\/black-ferryman.com\/index.php\/wp-json\/wp\/v2\/users\/1"}],"replies":[{"embeddable":true,"href":"https:\/\/black-ferryman.com\/index.php\/wp-json\/wp\/v2\/comments?post=1299"}],"version-history":[{"count":540,"href":"https:\/\/black-ferryman.com\/index.php\/wp-json\/wp\/v2\/pages\/1299\/revisions"}],"predecessor-version":[{"id":5011,"href":"https:\/\/black-ferryman.com\/index.php\/wp-json\/wp\/v2\/pages\/1299\/revisions\/5011"}],"wp:attachment":[{"href":"https:\/\/black-ferryman.com\/index.php\/wp-json\/wp\/v2\/media?parent=1299"}],"curies":[{"name":"wp","href":"https:\/\/api.w.org\/{rel}","templated":true}]}}